{"id":2273,"date":"2024-09-11T03:29:15","date_gmt":"2024-09-11T03:29:15","guid":{"rendered":"https:\/\/themewant.com\/products\/wordpress\/almaris\/?page_id=2273"},"modified":"2026-02-03T17:57:49","modified_gmt":"2026-02-03T16:57:49","slug":"gallery","status":"publish","type":"page","link":"https:\/\/villa-tripaldi.de\/index.php\/gallery\/","title":{"rendered":"Restaurant"},"content":{"rendered":"\t\t<div data-elementor-type=\"wp-page\" data-elementor-id=\"2273\" class=\"elementor elementor-2273\" data-elementor-post-type=\"page\">\n\t\t\t\t<div class=\"elementor-element elementor-element-6504eb46 e-flex e-con-boxed e-con e-parent\" data-id=\"6504eb46\" data-element_type=\"container\" data-settings=\"{&quot;background_background&quot;:&quot;classic&quot;}\">\n\t\t\t\t\t<div class=\"e-con-inner\">\n\t\t\t\t<div class=\"elementor-element elementor-element-79a4953d elementor-invisible elementor-widget elementor-widget-heading\" data-id=\"79a4953d\" data-element_type=\"widget\" data-settings=\"{&quot;_animation&quot;:&quot;fadeInUp&quot;}\" data-widget_type=\"heading.default\">\n\t\t\t\t<div class=\"elementor-widget-container\">\n\t\t\t\t\t<h2 class=\"elementor-heading-title elementor-size-default\">Restaurant<\/h2>\t\t\t\t<\/div>\n\t\t\t\t<\/div>\n\t\t\t\t\t<\/div>\n\t\t\t\t<\/div>\n\t\t<div class=\"elementor-element elementor-element-dd5aa7f e-flex e-con-boxed e-con e-parent\" data-id=\"dd5aa7f\" data-element_type=\"container\">\n\t\t\t\t\t<div class=\"e-con-inner\">\n\t\t<div class=\"elementor-element elementor-element-92a7f04 e-con-full e-flex e-con e-child\" data-id=\"92a7f04\" data-element_type=\"container\">\n\t\t\t\t<div class=\"elementor-element elementor-element-3a05192 gallery-spacing-custom elementor-invisible elementor-widget elementor-widget-image-gallery\" data-id=\"3a05192\" data-element_type=\"widget\" data-settings=\"{&quot;_animation&quot;:&quot;fadeInUp&quot;}\" data-widget_type=\"image-gallery.default\">\n\t\t\t\t<div class=\"elementor-widget-container\">\n\t\t\t\t\t\t\t<div class=\"elementor-image-gallery\">\n\t\t\t<div id='gallery-1' class='gallery galleryid-2273 gallery-columns-3 gallery-size-full'><figure class='gallery-item'>\n\t\t\t<div class='gallery-icon landscape'>\n\t\t\t\t<a data-elementor-open-lightbox=\"yes\" data-elementor-lightbox-slideshow=\"3a05192\" data-e-action-hash=\"#elementor-action%3Aaction%3Dlightbox%26settings%3DeyJpZCI6NTA0MCwidXJsIjoiaHR0cHM6XC9cL3ZpbGxhLXRyaXBhbGRpLmRlXC93cC1jb250ZW50XC91cGxvYWRzXC8yMDI1XC8wNVwvRFNDMDU3NDUud2VicCIsInNsaWRlc2hvdyI6IjNhMDUxOTIifQ%3D%3D\" href='https:\/\/villa-tripaldi.de\/wp-content\/uploads\/2025\/05\/DSC05745.webp'><img fetchpriority=\"high\" decoding=\"async\" width=\"1200\" height=\"800\" src=\"https:\/\/villa-tripaldi.de\/wp-content\/uploads\/2025\/05\/DSC05745.webp\" class=\"attachment-full size-full\" alt=\"\" srcset=\"https:\/\/villa-tripaldi.de\/wp-content\/uploads\/2025\/05\/DSC05745.webp 1200w, https:\/\/villa-tripaldi.de\/wp-content\/uploads\/2025\/05\/DSC05745-600x400.webp 600w, https:\/\/villa-tripaldi.de\/wp-content\/uploads\/2025\/05\/DSC05745-300x200.webp 300w, https:\/\/villa-tripaldi.de\/wp-content\/uploads\/2025\/05\/DSC05745-1024x683.webp 1024w, https:\/\/villa-tripaldi.de\/wp-content\/uploads\/2025\/05\/DSC05745-768x512.webp 768w, https:\/\/villa-tripaldi.de\/wp-content\/uploads\/2025\/05\/DSC05745-800x533.webp 800w\" sizes=\"(max-width: 1200px) 100vw, 1200px\" \/><\/a>\n\t\t\t<\/div><\/figure><figure class='gallery-item'>\n\t\t\t<div class='gallery-icon landscape'>\n\t\t\t\t<a data-elementor-open-lightbox=\"yes\" data-elementor-lightbox-slideshow=\"3a05192\" data-e-action-hash=\"#elementor-action%3Aaction%3Dlightbox%26settings%3DeyJpZCI6NTAzNywidXJsIjoiaHR0cHM6XC9cL3ZpbGxhLXRyaXBhbGRpLmRlXC93cC1jb250ZW50XC91cGxvYWRzXC8yMDI1XC8wNVwvRFNDMDU3NTcud2VicCIsInNsaWRlc2hvdyI6IjNhMDUxOTIifQ%3D%3D\" href='https:\/\/villa-tripaldi.de\/wp-content\/uploads\/2025\/05\/DSC05757.webp'><img decoding=\"async\" width=\"1200\" height=\"800\" src=\"https:\/\/villa-tripaldi.de\/wp-content\/uploads\/2025\/05\/DSC05757.webp\" class=\"attachment-full size-full\" alt=\"\" srcset=\"https:\/\/villa-tripaldi.de\/wp-content\/uploads\/2025\/05\/DSC05757.webp 1200w, https:\/\/villa-tripaldi.de\/wp-content\/uploads\/2025\/05\/DSC05757-600x400.webp 600w, https:\/\/villa-tripaldi.de\/wp-content\/uploads\/2025\/05\/DSC05757-300x200.webp 300w, https:\/\/villa-tripaldi.de\/wp-content\/uploads\/2025\/05\/DSC05757-1024x683.webp 1024w, https:\/\/villa-tripaldi.de\/wp-content\/uploads\/2025\/05\/DSC05757-768x512.webp 768w, https:\/\/villa-tripaldi.de\/wp-content\/uploads\/2025\/05\/DSC05757-800x533.webp 800w\" sizes=\"(max-width: 1200px) 100vw, 1200px\" \/><\/a>\n\t\t\t<\/div><\/figure><figure class='gallery-item'>\n\t\t\t<div class='gallery-icon landscape'>\n\t\t\t\t<a data-elementor-open-lightbox=\"yes\" data-elementor-lightbox-slideshow=\"3a05192\" data-e-action-hash=\"#elementor-action%3Aaction%3Dlightbox%26settings%3DeyJpZCI6NTAzNSwidXJsIjoiaHR0cHM6XC9cL3ZpbGxhLXRyaXBhbGRpLmRlXC93cC1jb250ZW50XC91cGxvYWRzXC8yMDI1XC8wNVwvRFNDMDU3NTkud2VicCIsInNsaWRlc2hvdyI6IjNhMDUxOTIifQ%3D%3D\" href='https:\/\/villa-tripaldi.de\/wp-content\/uploads\/2025\/05\/DSC05759.webp'><img decoding=\"async\" width=\"1200\" height=\"800\" src=\"https:\/\/villa-tripaldi.de\/wp-content\/uploads\/2025\/05\/DSC05759.webp\" class=\"attachment-full size-full\" alt=\"\" srcset=\"https:\/\/villa-tripaldi.de\/wp-content\/uploads\/2025\/05\/DSC05759.webp 1200w, https:\/\/villa-tripaldi.de\/wp-content\/uploads\/2025\/05\/DSC05759-600x400.webp 600w, https:\/\/villa-tripaldi.de\/wp-content\/uploads\/2025\/05\/DSC05759-300x200.webp 300w, https:\/\/villa-tripaldi.de\/wp-content\/uploads\/2025\/05\/DSC05759-1024x683.webp 1024w, https:\/\/villa-tripaldi.de\/wp-content\/uploads\/2025\/05\/DSC05759-768x512.webp 768w, https:\/\/villa-tripaldi.de\/wp-content\/uploads\/2025\/05\/DSC05759-800x533.webp 800w\" sizes=\"(max-width: 1200px) 100vw, 1200px\" \/><\/a>\n\t\t\t<\/div><\/figure><figure class='gallery-item'>\n\t\t\t<div class='gallery-icon landscape'>\n\t\t\t\t<a data-elementor-open-lightbox=\"yes\" data-elementor-lightbox-slideshow=\"3a05192\" data-e-action-hash=\"#elementor-action%3Aaction%3Dlightbox%26settings%3DeyJpZCI6NTAzMiwidXJsIjoiaHR0cHM6XC9cL3ZpbGxhLXRyaXBhbGRpLmRlXC93cC1jb250ZW50XC91cGxvYWRzXC8yMDI1XC8wNVwvRFNDMDU3ODMud2VicCIsInNsaWRlc2hvdyI6IjNhMDUxOTIifQ%3D%3D\" href='https:\/\/villa-tripaldi.de\/wp-content\/uploads\/2025\/05\/DSC05783.webp'><img loading=\"lazy\" decoding=\"async\" width=\"1200\" height=\"800\" src=\"https:\/\/villa-tripaldi.de\/wp-content\/uploads\/2025\/05\/DSC05783.webp\" class=\"attachment-full size-full\" alt=\"\" srcset=\"https:\/\/villa-tripaldi.de\/wp-content\/uploads\/2025\/05\/DSC05783.webp 1200w, https:\/\/villa-tripaldi.de\/wp-content\/uploads\/2025\/05\/DSC05783-600x400.webp 600w, https:\/\/villa-tripaldi.de\/wp-content\/uploads\/2025\/05\/DSC05783-300x200.webp 300w, https:\/\/villa-tripaldi.de\/wp-content\/uploads\/2025\/05\/DSC05783-1024x683.webp 1024w, https:\/\/villa-tripaldi.de\/wp-content\/uploads\/2025\/05\/DSC05783-768x512.webp 768w, https:\/\/villa-tripaldi.de\/wp-content\/uploads\/2025\/05\/DSC05783-800x533.webp 800w\" sizes=\"(max-width: 1200px) 100vw, 1200px\" \/><\/a>\n\t\t\t<\/div><\/figure><figure class='gallery-item'>\n\t\t\t<div class='gallery-icon landscape'>\n\t\t\t\t<a data-elementor-open-lightbox=\"yes\" data-elementor-lightbox-slideshow=\"3a05192\" data-e-action-hash=\"#elementor-action%3Aaction%3Dlightbox%26settings%3DeyJpZCI6NTAzNCwidXJsIjoiaHR0cHM6XC9cL3ZpbGxhLXRyaXBhbGRpLmRlXC93cC1jb250ZW50XC91cGxvYWRzXC8yMDI1XC8wNVwvRFNDMDU3NjUud2VicCIsInNsaWRlc2hvdyI6IjNhMDUxOTIifQ%3D%3D\" href='https:\/\/villa-tripaldi.de\/wp-content\/uploads\/2025\/05\/DSC05765.webp'><img loading=\"lazy\" decoding=\"async\" width=\"1200\" height=\"800\" src=\"https:\/\/villa-tripaldi.de\/wp-content\/uploads\/2025\/05\/DSC05765.webp\" class=\"attachment-full size-full\" alt=\"\" srcset=\"https:\/\/villa-tripaldi.de\/wp-content\/uploads\/2025\/05\/DSC05765.webp 1200w, https:\/\/villa-tripaldi.de\/wp-content\/uploads\/2025\/05\/DSC05765-600x400.webp 600w, https:\/\/villa-tripaldi.de\/wp-content\/uploads\/2025\/05\/DSC05765-300x200.webp 300w, https:\/\/villa-tripaldi.de\/wp-content\/uploads\/2025\/05\/DSC05765-1024x683.webp 1024w, https:\/\/villa-tripaldi.de\/wp-content\/uploads\/2025\/05\/DSC05765-768x512.webp 768w, https:\/\/villa-tripaldi.de\/wp-content\/uploads\/2025\/05\/DSC05765-800x533.webp 800w\" sizes=\"(max-width: 1200px) 100vw, 1200px\" \/><\/a>\n\t\t\t<\/div><\/figure><figure class='gallery-item'>\n\t\t\t<div class='gallery-icon landscape'>\n\t\t\t\t<a data-elementor-open-lightbox=\"yes\" data-elementor-lightbox-slideshow=\"3a05192\" data-e-action-hash=\"#elementor-action%3Aaction%3Dlightbox%26settings%3DeyJpZCI6NTA0NSwidXJsIjoiaHR0cHM6XC9cL3ZpbGxhLXRyaXBhbGRpLmRlXC93cC1jb250ZW50XC91cGxvYWRzXC8yMDI1XC8wNVwvRFNDMDU3MzEud2VicCIsInNsaWRlc2hvdyI6IjNhMDUxOTIifQ%3D%3D\" href='https:\/\/villa-tripaldi.de\/wp-content\/uploads\/2025\/05\/DSC05731.webp'><img loading=\"lazy\" decoding=\"async\" width=\"1200\" height=\"800\" src=\"https:\/\/villa-tripaldi.de\/wp-content\/uploads\/2025\/05\/DSC05731.webp\" class=\"attachment-full size-full\" alt=\"\" srcset=\"https:\/\/villa-tripaldi.de\/wp-content\/uploads\/2025\/05\/DSC05731.webp 1200w, https:\/\/villa-tripaldi.de\/wp-content\/uploads\/2025\/05\/DSC05731-600x400.webp 600w, https:\/\/villa-tripaldi.de\/wp-content\/uploads\/2025\/05\/DSC05731-300x200.webp 300w, https:\/\/villa-tripaldi.de\/wp-content\/uploads\/2025\/05\/DSC05731-1024x683.webp 1024w, https:\/\/villa-tripaldi.de\/wp-content\/uploads\/2025\/05\/DSC05731-768x512.webp 768w, https:\/\/villa-tripaldi.de\/wp-content\/uploads\/2025\/05\/DSC05731-800x533.webp 800w\" sizes=\"(max-width: 1200px) 100vw, 1200px\" \/><\/a>\n\t\t\t<\/div><\/figure>\n\t\t<\/div>\n\t\t<\/div>\n\t\t\t\t\t\t<\/div>\n\t\t\t\t<\/div>\n\t\t\t\t<\/div>\n\t\t\t\t\t<\/div>\n\t\t\t\t<\/div>\n\t\t<div class=\"elementor-element elementor-element-61b76c3 e-flex e-con-boxed e-con e-parent\" data-id=\"61b76c3\" data-element_type=\"container\">\n\t\t\t\t\t<div class=\"e-con-inner\">\n\t\t\t\t<div class=\"elementor-element elementor-element-9551909 elementor-invisible elementor-widget elementor-widget-text-editor\" data-id=\"9551909\" data-element_type=\"widget\" data-settings=\"{&quot;_animation&quot;:&quot;fadeInUp&quot;}\" data-widget_type=\"text-editor.default\">\n\t\t\t\t<div class=\"elementor-widget-container\">\n\t\t\t\t\t\t\t\t\t<p>Mit Liebe zur Natur und zur Region zaubern wir einen Genuss von bester Qualit\u00e4t. <br>Naturvertr\u00e4glich und im artgerechten Anbau, verbunden mit handwerklicher Leidenschaft, so kommt Frische und Qualit\u00e4t auf Ihren Teller.<\/p>\n<p>Helle, freundliche R\u00e4ume mit elegantem Mobiliar und Platz f\u00fcr bis zu 40 Personen laden in unserer \u201eAlte Diele\u201c zum Verweilen ein.<\/p>\n<p>Wir legen besonderen Wert auf Qualit\u00e4t und verwenden, wo m\u00f6glich, regionale Zutaten.<\/p>\n<p>Unsere Restaurant-\u00d6ffnungszeiten:<\/p>\n<p><strong>Montag:<\/strong> Ruhetag<br><strong>Dienstag bis Donnerstag:<\/strong> 17-21 Uhr<br><strong>Freitag und Samstag:&nbsp;<\/strong>17-22 Uhr<br><strong>Sonntag:<\/strong> 17-21 Uhr<\/p>\n<p>Bitte reservieren Sie einen Tisch unter<\/p>\t\t\t\t\t\t\t\t<\/div>\n\t\t\t\t<\/div>\n\t\t<div class=\"elementor-element elementor-element-bc689b3 e-con-full e-flex elementor-invisible e-con e-child\" data-id=\"bc689b3\" data-element_type=\"container\" data-settings=\"{&quot;animation&quot;:&quot;fadeInUp&quot;}\">\n\t\t\t\t<div class=\"elementor-element elementor-element-9dde62f elementor-widget elementor-widget-button\" data-id=\"9dde62f\" data-element_type=\"widget\" data-widget_type=\"button.default\">\n\t\t\t\t<div class=\"elementor-widget-container\">\n\t\t\t\t\t\t\t\t\t<div class=\"elementor-button-wrapper\">\n\t\t\t\t\t<a class=\"elementor-button elementor-button-link elementor-size-sm\" href=\"tel:043441305\">\n\t\t\t\t\t\t<span class=\"elementor-button-content-wrapper\">\n\t\t\t\t\t\t<span class=\"elementor-button-icon\">\n\t\t\t\t<i aria-hidden=\"true\" class=\"rt rt-phone-flip\"><\/i>\t\t\t<\/span>\n\t\t\t\t\t\t\t\t\t<span class=\"elementor-button-text\">04344 1305<\/span>\n\t\t\t\t\t<\/span>\n\t\t\t\t\t<\/a>\n\t\t\t\t<\/div>\n\t\t\t\t\t\t\t\t<\/div>\n\t\t\t\t<\/div>\n\t\t\t\t<div class=\"elementor-element elementor-element-be949a7 elementor-widget elementor-widget-text-editor\" data-id=\"be949a7\" data-element_type=\"widget\" data-widget_type=\"text-editor.default\">\n\t\t\t\t<div class=\"elementor-widget-container\">\n\t\t\t\t\t\t\t\t\t<p>oder<\/p>\t\t\t\t\t\t\t\t<\/div>\n\t\t\t\t<\/div>\n\t\t\t\t<div class=\"elementor-element elementor-element-c8144b2 elementor-widget__width-auto elementor-widget elementor-widget-image\" data-id=\"c8144b2\" data-element_type=\"widget\" data-widget_type=\"image.default\">\n\t\t\t\t<div class=\"elementor-widget-container\">\n\t\t\t\t\t\t\t\t\t\t\t\t\t\t\t\t<a href=\"https:\/\/www.opentable.de\/r\/hotel-restaurant-villa-tripaldi-reservations-schonberg?restref=371730&#038;lang=de-DE&#038;ot_source=Restaurant%20website\" target=\"_blank\">\n\t\t\t\t\t\t\t<img loading=\"lazy\" decoding=\"async\" width=\"640\" height=\"150\" src=\"https:\/\/villa-tripaldi.de\/wp-content\/uploads\/2025\/07\/Opentable-e1753468428451-1024x240.webp\" class=\"attachment-large size-large wp-image-5373\" alt=\"\" srcset=\"https:\/\/villa-tripaldi.de\/wp-content\/uploads\/2025\/07\/Opentable-e1753468428451-1024x240.webp 1024w, https:\/\/villa-tripaldi.de\/wp-content\/uploads\/2025\/07\/Opentable-e1753468428451-300x70.webp 300w, https:\/\/villa-tripaldi.de\/wp-content\/uploads\/2025\/07\/Opentable-e1753468428451-768x180.webp 768w, https:\/\/villa-tripaldi.de\/wp-content\/uploads\/2025\/07\/Opentable-e1753468428451-600x141.webp 600w, https:\/\/villa-tripaldi.de\/wp-content\/uploads\/2025\/07\/Opentable-e1753468428451.webp 1050w\" sizes=\"(max-width: 640px) 100vw, 640px\" \/>\t\t\t\t\t\t\t\t<\/a>\n\t\t\t\t\t\t\t\t\t\t\t\t\t\t\t<\/div>\n\t\t\t\t<\/div>\n\t\t\t\t<\/div>\n\t\t\t\t\t<\/div>\n\t\t\t\t<\/div>\n\t\t<div class=\"elementor-element elementor-element-3cb5e3a e-flex e-con-boxed e-con e-parent\" data-id=\"3cb5e3a\" data-element_type=\"container\">\n\t\t\t\t\t<div class=\"e-con-inner\">\n\t\t\t\t<div class=\"elementor-element elementor-element-ac24476 elementor-invisible elementor-widget elementor-widget-text-editor\" data-id=\"ac24476\" data-element_type=\"widget\" data-settings=\"{&quot;_animation&quot;:&quot;fadeInUp&quot;}\" data-widget_type=\"text-editor.default\">\n\t\t\t\t<div class=\"elementor-widget-container\">\n\t\t\t\t\t\t\t\t\t<p>M\u00f6chten Sie Ihren Besuch optimal vorbereiten?<br \/>Dann werfen Sie gerne vorab einen Blick in unsere Speisekarte:<\/p>\t\t\t\t\t\t\t\t<\/div>\n\t\t\t\t<\/div>\n\t\t\t\t<div class=\"elementor-element elementor-element-a30ad27 elementor-invisible elementor-widget elementor-widget-image\" data-id=\"a30ad27\" data-element_type=\"widget\" data-settings=\"{&quot;_animation&quot;:&quot;fadeInUp&quot;}\" data-widget_type=\"image.default\">\n\t\t\t\t<div class=\"elementor-widget-container\">\n\t\t\t\t\t\t\t\t\t\t\t\t\t\t\t\t<a href=\"http:\/\/villa-tripaldi.de\/wp-content\/uploads\/2026\/02\/Speisekarte-Villa-Tripaldi-2026-2.pdf\" target=\"_blank\">\n\t\t\t\t\t\t\t<img loading=\"lazy\" decoding=\"async\" width=\"406\" height=\"572\" src=\"https:\/\/villa-tripaldi.de\/wp-content\/uploads\/2025\/07\/speisenkarte.png\" class=\"attachment-large size-large wp-image-5362\" alt=\"\" srcset=\"https:\/\/villa-tripaldi.de\/wp-content\/uploads\/2025\/07\/speisenkarte.png 406w, https:\/\/villa-tripaldi.de\/wp-content\/uploads\/2025\/07\/speisenkarte-213x300.png 213w\" sizes=\"(max-width: 406px) 100vw, 406px\" \/>\t\t\t\t\t\t\t\t<\/a>\n\t\t\t\t\t\t\t\t\t\t\t\t\t\t\t<\/div>\n\t\t\t\t<\/div>\n\t\t\t\t\t<\/div>\n\t\t\t\t<\/div>\n\t\t<div class=\"elementor-element elementor-element-4e948f7 e-flex e-con-boxed e-con e-parent\" data-id=\"4e948f7\" data-element_type=\"container\">\n\t\t\t\t\t<div class=\"e-con-inner\">\n\t\t\t\t<div class=\"elementor-element elementor-element-eae1dfc elementor-invisible elementor-widget elementor-widget-heading\" data-id=\"eae1dfc\" data-element_type=\"widget\" data-settings=\"{&quot;_animation&quot;:&quot;fadeInUp&quot;}\" data-widget_type=\"heading.default\">\n\t\t\t\t<div class=\"elementor-widget-container\">\n\t\t\t\t\t<h2 class=\"elementor-heading-title elementor-size-default\">Partner Restaurants<\/h2>\t\t\t\t<\/div>\n\t\t\t\t<\/div>\n\t\t\t\t\t<\/div>\n\t\t\t\t<\/div>\n\t\t<div class=\"elementor-element elementor-element-1108d29 e-flex e-con-boxed elementor-invisible e-con e-parent\" data-id=\"1108d29\" data-element_type=\"container\" data-settings=\"{&quot;animation&quot;:&quot;fadeInUp&quot;}\">\n\t\t\t\t\t<div class=\"e-con-inner\">\n\t\t\t\t<div class=\"elementor-element elementor-element-cc0e436 elementor-pagination-type-bullets elementor-arrows-position-inside elementor-pagination-position-outside elementor-widget elementor-widget-n-carousel\" data-id=\"cc0e436\" data-element_type=\"widget\" data-settings=\"{&quot;carousel_items&quot;:[{&quot;slide_title&quot;:&quot;Slide #1&quot;,&quot;_id&quot;:&quot;b42e5f0&quot;},{&quot;slide_title&quot;:&quot;Slide #2&quot;,&quot;_id&quot;:&quot;7e7d062&quot;},{&quot;slide_title&quot;:&quot;Slide #3&quot;,&quot;_id&quot;:&quot;cf80b00&quot;}],&quot;slides_to_show_tablet&quot;:&quot;2&quot;,&quot;slides_to_show_mobile&quot;:&quot;1&quot;,&quot;autoplay&quot;:&quot;yes&quot;,&quot;autoplay_speed&quot;:5000,&quot;pause_on_hover&quot;:&quot;yes&quot;,&quot;pause_on_interaction&quot;:&quot;yes&quot;,&quot;infinite&quot;:&quot;yes&quot;,&quot;speed&quot;:500,&quot;offset_sides&quot;:&quot;none&quot;,&quot;arrows&quot;:&quot;yes&quot;,&quot;pagination&quot;:&quot;bullets&quot;,&quot;image_spacing_custom&quot;:{&quot;unit&quot;:&quot;px&quot;,&quot;size&quot;:10,&quot;sizes&quot;:[]},&quot;image_spacing_custom_tablet&quot;:{&quot;unit&quot;:&quot;px&quot;,&quot;size&quot;:&quot;&quot;,&quot;sizes&quot;:[]},&quot;image_spacing_custom_mobile&quot;:{&quot;unit&quot;:&quot;px&quot;,&quot;size&quot;:&quot;&quot;,&quot;sizes&quot;:[]}}\" data-widget_type=\"nested-carousel.default\">\n\t\t\t\t<div class=\"elementor-widget-container\">\n\t\t\t\t\t\t\t<div class=\"e-n-carousel swiper\" role=\"region\" aria-roledescription=\"carousel\" aria-label=\"Carousel\" dir=\"ltr\">\n\t\t\t<div class=\"swiper-wrapper\" aria-live=\"off\">\n\t\t\t\t\t\t\t\t\t\t<div class=\"swiper-slide\" data-slide=\"1\" role=\"group\" aria-roledescription=\"slide\" aria-label=\"1 von 3\">\n\t\t\t\t\t\t\t<div class=\"elementor-element elementor-element-05364db e-flex e-con-boxed e-con e-child\" data-id=\"05364db\" data-element_type=\"container\">\n\t\t\t\t\t<div class=\"e-con-inner\">\n\t\t\t\t<div class=\"elementor-element elementor-element-0b16546 elementor-widget elementor-widget-image\" data-id=\"0b16546\" data-element_type=\"widget\" data-widget_type=\"image.default\">\n\t\t\t\t<div class=\"elementor-widget-container\">\n\t\t\t\t\t\t\t\t\t\t\t\t\t\t\t\t<a href=\"http:\/\/casa-al-mare-laboe.de\" target=\"_blank\">\n\t\t\t\t\t\t\t<img loading=\"lazy\" decoding=\"async\" width=\"511\" height=\"391\" src=\"https:\/\/villa-tripaldi.de\/wp-content\/uploads\/2025\/08\/Casa-al-Mare.webp\" class=\"attachment-large size-large wp-image-5894\" alt=\"\" srcset=\"https:\/\/villa-tripaldi.de\/wp-content\/uploads\/2025\/08\/Casa-al-Mare.webp 511w, https:\/\/villa-tripaldi.de\/wp-content\/uploads\/2025\/08\/Casa-al-Mare-300x230.webp 300w\" sizes=\"(max-width: 511px) 100vw, 511px\" \/>\t\t\t\t\t\t\t\t<\/a>\n\t\t\t\t\t\t\t\t\t\t\t\t\t\t\t<\/div>\n\t\t\t\t<\/div>\n\t\t\t\t\t<\/div>\n\t\t\t\t<\/div>\n\t\t\t\t\t\t\t\t<\/div>\n\t\t\t\t\t\t\t\t\t\t\t<div class=\"swiper-slide\" data-slide=\"2\" role=\"group\" aria-roledescription=\"slide\" aria-label=\"2 von 3\">\n\t\t\t\t\t\t\t<div class=\"elementor-element elementor-element-edb8824 e-flex e-con-boxed e-con e-child\" data-id=\"edb8824\" data-element_type=\"container\">\n\t\t\t\t\t<div class=\"e-con-inner\">\n\t\t\t\t<div class=\"elementor-element elementor-element-b66d1ff elementor-widget elementor-widget-image\" data-id=\"b66d1ff\" data-element_type=\"widget\" data-widget_type=\"image.default\">\n\t\t\t\t<div class=\"elementor-widget-container\">\n\t\t\t\t\t\t\t\t\t\t\t\t\t\t\t\t<a href=\"http:\/\/casa-tripaldi.de\" target=\"_blank\">\n\t\t\t\t\t\t\t<img loading=\"lazy\" decoding=\"async\" width=\"511\" height=\"391\" src=\"https:\/\/villa-tripaldi.de\/wp-content\/uploads\/2025\/08\/Casa-al-Porto.webp\" class=\"attachment-large size-large wp-image-5893\" alt=\"\" srcset=\"https:\/\/villa-tripaldi.de\/wp-content\/uploads\/2025\/08\/Casa-al-Porto.webp 511w, https:\/\/villa-tripaldi.de\/wp-content\/uploads\/2025\/08\/Casa-al-Porto-300x230.webp 300w\" sizes=\"(max-width: 511px) 100vw, 511px\" \/>\t\t\t\t\t\t\t\t<\/a>\n\t\t\t\t\t\t\t\t\t\t\t\t\t\t\t<\/div>\n\t\t\t\t<\/div>\n\t\t\t\t\t<\/div>\n\t\t\t\t<\/div>\n\t\t\t\t\t\t\t\t<\/div>\n\t\t\t\t\t\t\t\t\t\t\t<div class=\"swiper-slide\" data-slide=\"3\" role=\"group\" aria-roledescription=\"slide\" aria-label=\"3 von 3\">\n\t\t\t\t\t\t\t<div class=\"elementor-element elementor-element-d8f5d06 e-flex e-con-boxed e-con e-child\" data-id=\"d8f5d06\" data-element_type=\"container\">\n\t\t\t\t\t<div class=\"e-con-inner\">\n\t\t\t\t<div class=\"elementor-element elementor-element-06f7af2 elementor-widget elementor-widget-image\" data-id=\"06f7af2\" data-element_type=\"widget\" data-widget_type=\"image.default\">\n\t\t\t\t<div class=\"elementor-widget-container\">\n\t\t\t\t\t\t\t\t\t\t\t\t\t\t\t\t<a href=\"http:\/\/casa-al-porto.de\" target=\"_blank\">\n\t\t\t\t\t\t\t<img loading=\"lazy\" decoding=\"async\" width=\"512\" height=\"416\" src=\"https:\/\/villa-tripaldi.de\/wp-content\/uploads\/2025\/08\/CAP.png\" class=\"attachment-large size-large wp-image-5891\" alt=\"\" srcset=\"https:\/\/villa-tripaldi.de\/wp-content\/uploads\/2025\/08\/CAP.png 512w, https:\/\/villa-tripaldi.de\/wp-content\/uploads\/2025\/08\/CAP-300x244.png 300w\" sizes=\"(max-width: 512px) 100vw, 512px\" \/>\t\t\t\t\t\t\t\t<\/a>\n\t\t\t\t\t\t\t\t\t\t\t\t\t\t\t<\/div>\n\t\t\t\t<\/div>\n\t\t\t\t\t<\/div>\n\t\t\t\t<\/div>\n\t\t\t\t\t\t\t\t<\/div>\n\t\t\t\t\t\t\t\t<\/div>\n\t\t<\/div>\n\t\t\t\t\t<div class=\"elementor-swiper-button elementor-swiper-button-prev\" role=\"button\" tabindex=\"0\" aria-label=\"Voriger\">\n\t\t\t\t<svg aria-hidden=\"true\" class=\"e-font-icon-svg e-eicon-chevron-left\" viewBox=\"0 0 1000 1000\" xmlns=\"http:\/\/www.w3.org\/2000\/svg\"><path d=\"M646 125C629 125 613 133 604 142L308 442C296 454 292 471 292 487 292 504 296 521 308 533L604 854C617 867 629 875 646 875 663 875 679 871 692 858 704 846 713 829 713 812 713 796 708 779 692 767L438 487 692 225C700 217 708 204 708 187 708 171 704 154 692 142 675 129 663 125 646 125Z\"><\/path><\/svg>\t\t\t<\/div>\n\t\t\t<div class=\"elementor-swiper-button elementor-swiper-button-next\" role=\"button\" tabindex=\"0\" aria-label=\"N\u00e4chster\">\n\t\t\t\t<svg aria-hidden=\"true\" class=\"e-font-icon-svg e-eicon-chevron-right\" viewBox=\"0 0 1000 1000\" xmlns=\"http:\/\/www.w3.org\/2000\/svg\"><path d=\"M696 533C708 521 713 504 713 487 713 471 708 454 696 446L400 146C388 133 375 125 354 125 338 125 325 129 313 142 300 154 292 171 292 187 292 204 296 221 308 233L563 492 304 771C292 783 288 800 288 817 288 833 296 850 308 863 321 871 338 875 354 875 371 875 388 867 400 854L696 533Z\"><\/path><\/svg>\t\t\t<\/div>\n\t\t\t\t\t<div class=\"swiper-pagination\"><\/div>\n\t\t\t\t\t\t<\/div>\n\t\t\t\t<\/div>\n\t\t\t\t\t<\/div>\n\t\t\t\t<\/div>\n\t\t\t\t<\/div>\n\t\t","protected":false},"excerpt":{"rendered":"<p>Restaurant Mit Liebe zur Natur und zur Region zaubern wir einen Genuss von bester Qualit\u00e4t. Naturvertr\u00e4glich und im artgerechten Anbau, verbunden mit handwerklicher Leidenschaft, so kommt Frische und Qualit\u00e4t auf Ihren Teller. Helle, freundliche R\u00e4ume mit elegantem Mobiliar und Platz f\u00fcr bis zu 40 Personen laden in unserer \u201eAlte Diele\u201c zum Verweilen ein. Wir legen&#8230;<\/p>\n","protected":false},"author":1,"featured_media":5032,"parent":0,"menu_order":0,"comment_status":"closed","ping_status":"closed","template":"","meta":{"footnotes":""},"class_list":["post-2273","page","type-page","status-publish","has-post-thumbnail","hentry"],"_links":{"self":[{"href":"https:\/\/villa-tripaldi.de\/index.php\/wp-json\/wp\/v2\/pages\/2273","targetHints":{"allow":["GET"]}}],"collection":[{"href":"https:\/\/villa-tripaldi.de\/index.php\/wp-json\/wp\/v2\/pages"}],"about":[{"href":"https:\/\/villa-tripaldi.de\/index.php\/wp-json\/wp\/v2\/types\/page"}],"author":[{"embeddable":true,"href":"https:\/\/villa-tripaldi.de\/index.php\/wp-json\/wp\/v2\/users\/1"}],"replies":[{"embeddable":true,"href":"https:\/\/villa-tripaldi.de\/index.php\/wp-json\/wp\/v2\/comments?post=2273"}],"version-history":[{"count":93,"href":"https:\/\/villa-tripaldi.de\/index.php\/wp-json\/wp\/v2\/pages\/2273\/revisions"}],"predecessor-version":[{"id":6221,"href":"https:\/\/villa-tripaldi.de\/index.php\/wp-json\/wp\/v2\/pages\/2273\/revisions\/6221"}],"wp:featuredmedia":[{"embeddable":true,"href":"https:\/\/villa-tripaldi.de\/index.php\/wp-json\/wp\/v2\/media\/5032"}],"wp:attachment":[{"href":"https:\/\/villa-tripaldi.de\/index.php\/wp-json\/wp\/v2\/media?parent=2273"}],"curies":[{"name":"wp","href":"https:\/\/api.w.org\/{rel}","templated":true}]}}