{"id":5008,"date":"2025-05-23T10:03:57","date_gmt":"2025-05-23T08:03:57","guid":{"rendered":"https:\/\/preview.villa-tripaldi.de\/?page_id=5008"},"modified":"2025-05-23T10:10:28","modified_gmt":"2025-05-23T08:10:28","slug":"datenschutz","status":"publish","type":"page","link":"https:\/\/villa-tripaldi.de\/index.php\/datenschutz\/","title":{"rendered":"Datenschutz"},"content":{"rendered":"\t\t<div data-elementor-type=\"wp-page\" data-elementor-id=\"5008\" class=\"elementor elementor-5008\" data-elementor-post-type=\"page\">\n\t\t\t\t<div class=\"elementor-element elementor-element-3931e3c e-con-full e-flex e-con e-parent\" data-id=\"3931e3c\" data-element_type=\"container\">\n\t\t\t\t<div class=\"elementor-element elementor-element-be54554 elementor-widget elementor-widget-heading\" data-id=\"be54554\" data-element_type=\"widget\" data-widget_type=\"heading.default\">\n\t\t\t\t<div class=\"elementor-widget-container\">\n\t\t\t\t\t<h2 class=\"elementor-heading-title elementor-size-default\">Datenschutz<\/h2>\t\t\t\t<\/div>\n\t\t\t\t<\/div>\n\t\t\t\t<div class=\"elementor-element elementor-element-5207c5a elementor-widget elementor-widget-text-editor\" data-id=\"5207c5a\" data-element_type=\"widget\" data-widget_type=\"text-editor.default\">\n\t\t\t\t<div class=\"elementor-widget-container\">\n\t\t\t\t\t\t\t\t\t<p>Vielen Dank f\u00fcr Ihr Interesse an der Webseites unseres Unternehmens. Da mit Ihrem Besuch personenbezogene Daten anfallen, informieren wir Sie im Folgenden gem\u00e4\u00df den Anforderungen nach der<br \/>europ\u00e4ischen Datenschutzrichtline, EU-DSGVO. Eine Erl\u00e4uterung verwendeter Begriffe finden Sie unter VI. Begriffsbestimmungen.<\/p><h4><strong>I. Name\u00a0und Kontaktdaten des Verantwortlichen und des Datenschutzbeauftragten\u00a0<\/strong><\/h4><p>Verantwortlicher\u00a0f\u00fcr die Verarbeitung personenbezogener Daten gem\u00e4\u00df Art. 4 Nr. 7 DSGVO ist:<br \/>Villa Tripaldi (ehemals Hotel am Rathaus)<br \/>Inh. Donato Tripaldi<br \/>F\u00f6rdewanderweg 2 24235 Laboe<\/p><p>Telefon: 04344 &#8211; 1305<br \/>Telefax: 04344 &#8211; 41 58 00<br \/><br \/>Email: info@villa-tripaldi.de<\/p><p>Wir sind gesetzlich nicht verpflichtet einen<br \/>Datenschutzbeauftragten zu benennen.<\/p><h4><strong>II. Datenerhebung, Rechtsgrundlage der Verarbeitung, Dauer der Speicherung<\/strong><\/h4><p><strong>Nutzung\u00a0unserer Webseite<\/strong><\/p><p>Beim Aufrufen unserer Website werden durch den auf Ihrem Endger\u00e4t zum Einsatz kommenden Browser automatisch<br \/>Informationen an den Server unserer Website gesendet. Diese Informationen werden tempor\u00e4r in einem sog. Logfile gespeichert.<br \/>Folgende Informationen werden dabei ohne Ihr Zutun erfasst und bis zur automatisierten L\u00f6schung gespeichert:\u00a0<\/p><p>\u2022 IP-Adresse des anfragenden Rechners\u00a0<br \/>\u2022 im Browser eingestellte Sprache<br \/>\u2022 verwendeter Browsertyp und das Betriebssystem Ihres Rechners in der jeweiligen Version<br \/>\u2022 ob Java-Skript und Cookies zugelassen sind<br \/>\u2022 Bildschirmaufl\u00f6sung und Aufl\u00f6sungsdichte sowie Bildschirmgr\u00f6\u00dfe des Ausgabeger\u00e4tes<br \/>\u2022 Datum und Uhrzeit des Zugriffs<br \/>\u2022 Ihre Zeitzone<br \/>\u2022\u00a0der Name Ihres Access\u00ad Providers<br \/>\u2022 Name und URL der abgerufenen Datei<br \/>\u2022 Website, von der aus der Zugriff erfolgt<\/p><p>Die genannten Daten werden durch uns zu folgenden Zwecken verarbeitet:\u00a0<\/p><p>\u2022 Gew\u00e4hrleistung eines reibungslosen Verbindungsaufbaus der Website,<br \/>\u2022 Gew\u00e4hrleistung einer komfortablen Nutzung unserer Website,<br \/>\u2022 Auswertung der Systemsicherheit und Stabilit\u00e4t sowie<br \/>\u2022 zu weiteren systemadministrativen Zwecken, wie die Behebung von Fehlern.\u00a0<\/p><p>Die Rechtsgrundlage f\u00fcr die Datenverarbeitung ist Art. 6 Abs. 1 Buchstabe f DSGVO. Unser berechtigtes Interesse folgt aus oben aufgelisteten Zwecken zur Datenerhebung. In keinem Fall verwenden wir die erhobenen Daten zu dem Zweck, R\u00fcckschl\u00fcsse auf Ihre Person zu ziehen. Die IP-Adresse wird nach sp\u00e4testens 7 Tagen von allen Systemen, die im Zusammenhang mit dem Betrieb dieser Internetseiten verwendet werden, gel\u00f6scht. Einen Personenbezug k\u00f6nnen wir aus den verbleibenden Daten dann nicht mehr herstellen.<\/p><p><b>Tisch reservieren \u00fcber OpenTable<\/b><\/p><p>Wir verwenden den Dienst \u201eOpenTable\u201c des Anbieters OpenTable GmbH (Zeil 109, 60313 Frankfurt am Main, Deutschland).\u00a0Die Nutzung von OpenTable tr\u00e4gt zur Erleichterung von Reservierungen und Optimierung unseres wirtschaftlichen Betriebs bei.\u00a0Hier\u00fcber haben Sie die M\u00f6glichkeit Tischreservierungen f\u00fcr unser Lokal zu t\u00e4tigen. Wir haben mit dem Anbieter einen Auftragsverarbeitungsvertrag abgeschlossen.<\/p><p>Im Falle einer Reservierung \u00fcber OpenTable werden die Daten an OpenTable \u00fcbertragen, die Sie dabei angeben und die Sie pers\u00f6nlich identifizieren, z. B. Ihr Name, Ihre E-Mail-Adresse und weitere Kontaktangaben, und die Dauer der Nutzung des Dienstes und die geografische Daten.<br \/>Die Rechtsgrundlage f\u00fcr die Verarbeitung: Ihre Einwilligung nach Art. 6 (1) a DSGVO.\u00a0<\/p><p>N\u00e4here Informationen zu Nutzungsbedingungen und Datenschutz von OpenTable finden Sie hier:\u00a0<a href=\"https:\/\/www.opentable.de\/legal\/privacy-policy\" target=\"_blank\" rel=\"noopener\">https:\/\/www.opentable.de\/legal\/privacy-policy<\/a><\/p><p><b>Datenschutz\u00a0bei Bewerbungen und im Bewerbungsverfahren.<\/b><\/p><p>Wir verarbeiten die personenbezogenen Daten von Bewerbern zum Zwecke der Abwicklung des Bewerbungsverfahrens. Die Verarbeitung kann auch auf elektronischem Wege erfolgen. Dies ist insbesondere dann der Fall, wenn ein Bewerber entsprechende Bewerbungsunterlagen auf dem elektronischen Wege, beispielsweise per E-Mail oder \u00fcber ein auf der Internetseite befindliches Webformular, an uns \u00fcbermittelt.<\/p><p>Schlie\u00dfen wir einen Anstellungsvertrag mit einem Bewerber, werden die \u00fcbermittelten Daten zum Zwecke der Abwicklung des Besch\u00e4ftigungsverh\u00e4ltnisses unter Beachtung der gesetzlichen Vorschriften gespeichert. Wird von dem f\u00fcr die Verarbeitung Verantwortlichen kein Anstellungsvertrag mit dem Bewerber geschlossen, so werden die Bewerbungsunterlagen sechs Monate\u00a0nach Bekanntgabe der Absageentscheidung gel\u00f6scht,<br \/>sofern einer L\u00f6schung keine sonstigen berechtigten Interessen des f\u00fcr die Verarbeitung Verantwortlichen entgegenstehen. Sonstiges berechtigtes Interesse in diesem Sinne ist beispielsweise eine Beweispflicht in einem Verfahren nach dem Allgemeinen Gleichbehandlungsgesetz (AGG).<\/p><p><strong>Wir setzen auf unserer Seite Cookies<\/strong>\u00a0<strong>ein.<\/strong><\/p><p>Hierbei handelt es sich um kleine Dateien, die Ihr Browser automatisch erstellt und die auf Ihrem Endger\u00e4t (Laptop, Tablet, Smartphone o.\u00e4.) gespeichert werden, wenn Sie unsere Seite besuchen.<br \/>In dem Cookie werden Informationen abgelegt, die sich jeweils im Zusammenhang mit dem spezifisch eingesetzten Endger\u00e4t ergeben. Dies bedeutet jedoch nicht, dass wir dadurch unmittelbar Kenntnis von Ihrer Identit\u00e4t erhalten.<\/p><p>Der Einsatz von Cookies dient einerseits dazu, die Nutzung unseres Angebots f\u00fcr Sie angenehmer zu gestalten. So setzen wir sogenannte Session-Cookies ein, um zu erkennen, dass Sie einzelne Seiten unserer Website bereits besucht haben.<\/p><p>Dar\u00fcber hinaus setzen wir ebenfalls zur Optimierung der Benutzerfreundlichkeit tempor\u00e4re Cookies ein, die f\u00fcr einen bestimmten festgelegten Zeitraum auf Ihrem Endger\u00e4t gespeichert werden. Besuchen Sie unsere Seite erneut, um unsere Dienste in Anspruch zu nehmen, wird automatisch erkannt, dass Sie bereits bei uns waren und welche Eingaben und Einstellungen sie get\u00e4tigt haben, um diese nicht noch einmal eingeben zu m\u00fcssen.<\/p><p>Zum anderen setzten wir Cookies ein, um die Nutzung unserer Website statistisch zu erfassen und zum Zwecke der Optimierung unseres Angebotes f\u00fcr Sie auszuwerten. Diese Cookies erm\u00f6glichen es uns, bei einem erneuten Besuch unserer Seite automatisch zu erkennen, dass Sie bereits bei uns waren. Diese Cookies werden nach einer jeweils definierten Zeit automatisch gel\u00f6scht.<\/p><p>Die durch Cookies verarbeiteten Daten sind f\u00fcr die genannten Zwecke zur Wahrung unserer berechtigten Interessen sowie der Dritter nach Art. 6 Abs. 1 Buchstabe f DSGVO erforderlich.<\/p><p>Wenn Sie dies nicht m\u00f6chten, dann k\u00f6nnen Sie im von Ihnen verwendeten Browser das Speichern von Cookies deaktivieren oder sich benachrichtigen lassen, sobald Cookies gesendet werden.\u00a0<\/p><h4><strong>III. Datenschutzbestimmungen zum Einsatz und Verwendung von sozialen Netzwerken<\/strong><\/h4><p>Wir verwenden auf unserer Webseite Verlinkungen zu verschiedenen sozialen Netzwerken. Wenn Sie dieser Verlinkung folgen, erreichen Sie unseren Internetauftritt in dem jeweiligen sozialen Netzwerk. Die Verlinkung erkennen Sie an dem abgebildeten Symbol des jeweiligen Netzwerks. Soweit uns bekannt ist, ist es den sozialen durch die blo\u00dfe Einbindung dieser Verlinkung nicht m\u00f6glich, personenbezogene Daten auf unserer Webseite zu erheben. Inwieweit und zu welchem Zweck es zu einer Erhebung personenbezogener Daten nach einer erfolgten Weiterleitung kommt, entnehmen Sie bitte den Datenschutzinformationen des jeweiligen Netzwerks.<\/p><p><strong>Facebook und Instagram<\/strong><br \/>Facebook und Instagram sind auf unserer Webseite lediglich als Link zu den entsprechenden Diensten eingebunden. Nach dem Anklicken des eingebundenen Icon\/Bild-Links werden Sie auf die Seite des jeweiligen Anbieters weitergeleitet. Erst nach der Weiterleitung werden Nutzerinformationen an den jeweiligen Anbieter \u00fcbertragen. Informationen zum Umgang mit ihren personenbezogenen Daten bei Nutzung dieser Websites\u00a0entnehmen Sie bitte den jeweiligen Datenschutzbestimmungen der von Ihnen genutzten Anbieter.<\/p><p>Wir sind auch in sozialen Netzwerken wie Facebook und Instagram pr\u00e4sent. Um mit den dort aktiven Nutzern zu kommunizieren oder um Informationen von \/ \u00fcber uns anzubieten werden in diesem Rahmen Daten verarbeitet. Dies stellt ein berechtigtes Interesse im Sinne von Art. 6 Abs. 1 Buchstabe f DSGVO dar.<br \/>Wir weisen darauf hin, dass die Daten der Nutzer au\u00dferhalb der Europ\u00e4ischen Union verarbeitet werden k\u00f6nnen. Hierdurch k\u00f6nnten sich Risiken f\u00fcr den Nutzer ergeben, weil z.B. die Durchsetzung der Rechte erschwert werden k\u00f6nnten. Weitere Hinweise finden sich in den \u201cInformationen zu Seiten-Insights\u201d https:\/\/www.facebook.com\/legal\/terms\/information_about_page_insights_data.<br \/>Welche Informationen Facebook erh\u00e4lt und wie diese verwendet werden, beschreibt Facebook in allgemeiner Form in seinen Datenverwendungsrichtlinien. Dort finden Sie auch Informationen \u00fcber Kontaktm\u00f6glichkeiten zu Facebook sowie zu den Einstellm\u00f6glichkeiten f\u00fcr Werbeanzeigen.<\/p><p>Die Datenverwendungsrichtlinien sind unter folgendem Link verf\u00fcgbar: http:\/\/de-de.facebook.com\/about\/privacy<br \/>Die vollst\u00e4ndigen Datenrichtlinien von Facebook finden Sie hier: \u00a0https:\/\/de-de.facebook.com\/full_data_use_policy<br \/>In welcher Weise Facebook die Daten aus dem Besuch von Facebook-Seiten f\u00fcr eigene Zwecke verwendet, in welchem Umfang Aktivit\u00e4ten auf der Facebook-Seite einzelnen Nutzern zugeordnet werden, wie lange Facebook diese Daten speichert und ob Daten aus einem Besuch der Facebook-Seite an Dritte weitergegeben werden, wird von Facebook nicht abschlie\u00dfend und klar benannt und ist uns nicht bekannt.<br \/>F\u00fcr eine detaillierte Darstellung der jeweiligen Verarbeitung und der Widerspruchsm\u00f6glichkeiten (Opt-Out) verweisen wir auf die Datenschutzerkl\u00e4rungen und Angaben der jeweiligen Betreiber.<br \/>Wir weisen darauf hin im Fall von Auskunftsanfragen und der Geltendmachung von Betroffenenrechten ist es am effektivsten, diese bei den Anbietern geltend zu. Nur der Anbieter selbst hat jeweils Zugriff auf die Daten der Nutzer, um direkt die entsprechenden Ma\u00dfnahmen (Auskunft geben) ergreifen zu k\u00f6nnen.<\/p><p><em>Facebook:<\/em>\u00a0<br \/>Meta Platforms Ireland Ltd., 4 Grand Canal Square, Grand Canal Harbour, Dublin 2, Irland, Mutterunternehmen: Meta Platforms, 1 Hacker Way, Menlo Park, CA 94025, USA;<br \/>Website:\u00a0https:\/\/www.facebook.com; Datenschutzerkl\u00e4rung:\u00a0https:\/\/www.facebook.com\/about\/privacy;<br \/>Widerspruchsm\u00f6glichkeit (Opt-Out): Einstellungen f\u00fcr Werbeanzeigen:\u00a0 https:\/\/www.facebook.com\/settings?tab=ads.<br \/><em>Instagram:\u00a0<\/em><br \/>Meta Platforms Ireland Ltd., 4 Grand Canal Square, Grand Canal Harbour, Dublin 2, Irland, Mutterunternehmen: Meta Platforms, 1 Hacker Way, Menlo Park, CA 94025, USA;<br \/>Website:\u00a0https:\/\/www.instagram.com; Datenschutzerkl\u00e4rung:\u00a0https:\/\/instagram.com\/about\/legal\/privacy.<\/p><h4><strong>IV. Betroffenenrechte<\/strong><\/h4><p>Da wir Ihre personenbezogenen Daten verarbeiten, haben Sie die nachstehenden Rechte:<\/p><p><strong>Auskunftsrecht<\/strong><\/p><p>Sie k\u00f6nnen gem\u00e4\u00df Art. 15 DSGVO Auskunft \u00fcber Ihre von uns verarbeiteten personenbezogenen Daten verlangen.<br \/>Insbesondere k\u00f6nnen Sie Auskunft \u00fcber die Verarbeitungszwecke, die Kategorie der personenbezogenen Daten, die Kategorien von Empf\u00e4ngern, gegen\u00fcber denen Ihre Daten offengelegt wurden oder werden, die geplante Speicherdauer, das<br \/>Bestehen eines Rechts auf Berichtigung, L\u00f6schung, Einschr\u00e4nkung der Verarbeitung oder Widerspruch, das Bestehen eines Beschwerderechts, die Herkunft ihrer Daten, sofern diese nicht bei uns erhoben wurden, sowie \u00fcber das Bestehen einer automatisierten Entscheidungsfindung einschlie\u00dflich Profiling und ggf. aussagekr\u00e4ftigen Informationen zu deren Einzelheiten<br \/>verlangen;<\/p><p><strong>Berichtigung<\/strong><\/p><p>Sie k\u00f6nnen gem\u00e4\u00df Art. 16 DSGVO unverz\u00fcglich die Berichtigung unrichtiger oder Vervollst\u00e4ndigung Ihrer bei uns gespeicherten personenbezogenen Daten verlangen.<\/p><p><strong>L\u00f6schung<\/strong>\u00a0<\/p><p>Sie k\u00f6nnen gem\u00e4\u00df Art. 17 DSGVO die\u00a0L\u00f6schung Ihrer bei uns gespeicherten personenbezogenen Daten verlangen, soweit\u00a0nicht die Verarbeitung zur Aus\u00fcbung des Rechts auf freie Meinungs\u00e4u\u00dferung und\u00a0Information, zur Erf\u00fcllung einer rechtlichen Verpflichtung, aus Gr\u00fcnden des\u00a0\u00f6ffentlichen Interesses oder zur Geltendmachung, Aus\u00fcbung oder Verteidigung\u00a0von Rechtsanspr\u00fcchen erforderlich ist.<\/p><p><strong>Einschr\u00e4nkung<\/strong><\/p><p>Sie k\u00f6nnen gem\u00e4\u00df Art. 18 DSGVO die Einschr\u00e4nkung der Verarbeitung Ihrer personenbezogenen Daten verlangen, soweit die Richtigkeit der Daten von Ihnen bestritten wird, die Verarbeitung unrechtm\u00e4\u00dfig ist, Sie aber deren L\u00f6schung ablehnen und wir die Daten nicht mehr ben\u00f6tigen, Sie jedoch diese zur Geltendmachung, Aus\u00fcbung oder Verteidigung von Rechtsanspr\u00fcchen ben\u00f6tigen oder Sie gem\u00e4\u00df Art. 21 DSGVO Widerspruch gegen die Verarbeitung eingelegt haben.\u00a0<\/p><p><strong>Daten\u00fcbertragbarkeit<\/strong><\/p><p>Sie k\u00f6nnen gem\u00e4\u00df Art. 20 DSGVO Ihre\u00a0personenbezogenen Daten, die Sie uns bereitgestellt haben, in einem\u00a0strukturierten, g\u00e4ngigen und maschinenlesebaren Format erhalten oder die\u00a0\u00dcbermittlung an einen anderen Verantwortlichen verlangen.<\/p><p><strong>Widerrufsrecht<\/strong><\/p><p>Sie k\u00f6nnen gem\u00e4\u00df Art. 7 Abs. 3 DSGVO\u00a0Ihre einmal erteilte Einwilligung jederzeit gegen\u00fcber uns widerrufen. Dies hat zur Folge, dass wir die\u00a0Datenverarbeitung, die auf dieser Einwilligung beruhte, f\u00fcr die Zukunft nicht\u00a0mehr fortf\u00fchren d\u00fcrfen.<\/p><p><strong>Beschwerderecht<\/strong><\/p><p>Sie k\u00f6nnen sich gem\u00e4\u00df Art. 77 DSGVO bei einer Aufsichtsbeh\u00f6rde beschweren, wenn Sie der Ansicht sind, dass die Verarbeitung der Sie betreffenden personenbezogenen Daten gegen datenschutzrechtliche Bestimmungen verst\u00f6\u00dft.<\/p><p>Sie k\u00f6nnen dies z.B. bei der f\u00fcr uns zust\u00e4ndigen Aufsichtsbeh\u00f6rde tun:\u00a0<\/p><p>Unabh\u00e4ngiges Landeszentrum f\u00fcr Datenschutz Schleswig-Holstein<br \/>Postfach 71 16<br \/>24171 Kiel<\/p><p><strong>Widerspruchsrecht<\/strong><\/p><p>Sofern Ihre personenbezogenen Daten auf Grundlage von berechtigten Interessen gem\u00e4\u00df Art. 6 Abs. 1 Buchstabe f DSGVO verarbeitet werden, haben Sie das Recht, gem\u00e4\u00df Art. 21 DSGVO Widerspruch gegen die Verarbeitung Ihrer personenbezogenen Daten \u00a0inzulegen, soweit daf\u00fcr Gr\u00fcnde vorliegen, die sich aus Ihrer besonderen Situation ergeben oder sich der Widerspruch gegen Direktwerbung richtet. Im letzteren Fall haben Sie ein generelles Widerspruchsrecht, das ohne Angabe einer besonderen Situation von uns umgesetzt wird.<\/p><p>M\u00f6chten Sie von Ihrem Widerrufs- oder Widerspruchsrecht Gebrauch machen, gen\u00fcgt eine E-Mail an uns.<\/p><p><strong>Bestehen\u00a0einer automatisierten Entscheidungsfindung<\/strong><\/p><p>Als verantwortungsbewusstes Unternehmen\u00a0verzichten wir auf eine automatische Entscheidungsfindung oder ein Profiling.<\/p><p><strong>Verschl\u00fcsselung<\/strong><\/p><p>Wir verwenden innerhalb des Website-Besuchs das verbreitete SSL-Verfahren (Secure Socket Layer) zur Verschl\u00fcsselung. Ob eine einzelne Seite unseres Internetauftrittes verschl\u00fcsselt \u00fcbertragen wird, erkennen Sie an der geschlossenen Darstellung des Schl\u00fcssel- beziehungsweise Schloss-Symbols in der unteren Statusleiste Ihres Browsers.<\/p><p>Wir bedienen uns im \u00dcbrigen geeigneter\u00a0technischer und organisatorischer Sicherheitsma\u00dfnahmen, um Ihre Daten gegen\u00a0zuf\u00e4llige oder vors\u00e4tzliche Manipulationen, teilweisen oder vollst\u00e4ndigen\u00a0Verlust, Zerst\u00f6rung oder gegen den unbefugten Zugriff Dritter zu sch\u00fctzen.\u00a0Unsere Sicherheitsma\u00dfnahmen werden entsprechend der technologischen Entwicklung\u00a0fortlaufend verbessert.<\/p><h4><strong>V. Begriffsbestimmungen<\/strong><\/h4><p>Diese Datenschutzerkl\u00e4rung beruht auf<br \/>den Begrifflichkeiten der europ\u00e4ischen Datenschutz-Grundverordnung (DSGVO). Wesentliche<br \/>Begrifflichkeiten finden Sie hier erl\u00e4utert:<\/p><p><strong>Personenbezogene\u00a0Daten<\/strong><\/p><p>Personenbezogene Daten sind alle\u00a0Informationen, die sich auf eine identifizierte oder identifizierbare nat\u00fcrliche\u00a0Person (im Folgenden \u201ebetroffene Person&amp;quot;) beziehen. Als identifizierbar\u00a0wird eine nat\u00fcrliche Person angesehen, die direkt oder indirekt, insbesondere\u00a0mittels Zuordnung zu einer Kennung wie einem Namen, zu einer Kennnummer, zu\u00a0Standortdaten, zu einer Online-Kennung oder zu einem oder mehreren besonderen\u00a0Merkmalen, die Ausdruck der physischen, physiologischen, genetischen,\u00a0psychischen, wirtschaftlichen, kulturellen oder sozialen Identit\u00e4t dieser nat\u00fcrlichen\u00a0Person sind, identifiziert werden kann.<\/p><p>Betroffene Person ist jede<br \/>identifizierte oder identifizierbare nat\u00fcrliche Person, deren personenbezogene<br \/>Daten von dem f\u00fcr die Verarbeitung Verantwortlichen verarbeitet werden.<\/p><p><strong>Verarbeitung<\/strong><\/p><p>Verarbeitung ist jeder mit oder ohne\u00a0Hilfe automatisierter Verfahren ausgef\u00fchrte Vorgang oder jede solche\u00a0Vorgangsreihe im Zusammenhang mit personenbezogenen Daten wie das Erheben, das\u00a0Erfassen, die Organisation, das Ordnen, die Speicherung, die Anpassung oder Ver\u00e4nderung,\u00a0das Auslesen, das Abfragen, die Verwendung, die Offenlegung durch\u00a0\u00dcbermittlung, Verbreitung oder eine andere Form der Bereitstellung, den\u00a0Abgleich oder die Verkn\u00fcpfung, die Einschr\u00e4nkung, das L\u00f6schen oder die\u00a0Vernichtung.<\/p><p><strong>Einschr\u00e4nkung<\/strong>\u00a0der Verarbeitung ist die\u00a0Markierung gespeicherter personenbezogener Daten mit dem Ziel, ihre k\u00fcnftige\u00a0Verarbeitung einzuschr\u00e4nken.<\/p><p><strong>Profiling<\/strong>\u00a0ist jede Art der\u00a0automatisierten Verarbeitung personenbezogener Daten, die darin besteht, dass\u00a0diese personenbezogenen Daten verwendet werden, um bestimmte pers\u00f6nliche\u00a0Aspekte, die sich auf eine nat\u00fcrliche Person beziehen, zu bewerten,<br \/>insbesondere, um Aspekte bez\u00fcglich Arbeitsleistung, wirtschaftlicher Lage,\u00a0Gesundheit, pers\u00f6nlicher Vorlieben, Interessen, Zuverl\u00e4ssigkeit, Verhalten,\u00a0Aufenthaltsort oder Ortswechsel dieser nat\u00fcrlichen Person zu analysieren oder<br \/>vorherzusagen.<\/p><p><strong>Pseudonymisierung<\/strong>\u00a0<\/p><p>Pseudonymisierung ist die Verarbeitung personenbezogener Daten in einer Weise, auf welche die personenbezogenen Daten ohne Hinzuziehung zus\u00e4tzlicher Informationen nicht mehr einer spezifischen betroffenen Person zugeordnet werden k\u00f6nnen, sofern diese zus\u00e4tzlichen Informationen gesondert aufbewahrt werden und technischen und organisatorischen Ma\u00dfnahmen unterliegen, die gew\u00e4hrleisten, dass die personenbezogenen Daten nicht einer identifizierten oder identifizierbaren nat\u00fcrlichen Person zugewiesen werden oder f\u00fcr die Verarbeitung Verantwortlicher. Verantwortlicher oder f\u00fcr die\u00a0Verarbeitung Verantwortlicher ist die nat\u00fcrliche oder juristische Person, Beh\u00f6rde,\u00a0Einrichtung oder andere Stelle, die allein oder gemeinsam mit anderen \u00fcber die\u00a0Zwecke und Mittel der Verarbeitung von personenbezogenen Daten entscheidet.\u00a0Sind die Zwecke und Mittel dieser Verarbeitung durch das Unionsrecht oder das\u00a0Recht der Mitgliedstaaten vorgegeben, so kann der Verantwortliche\u00a0beziehungsweise k\u00f6nnen die bestimmten Kriterien seiner Benennung nach dem\u00a0Unionsrecht oder dem Recht der Mitgliedstaaten vorgesehen werden.<\/p><p><strong>Auftragsverarbeiter<\/strong><\/p><p>Auftragsverarbeiter ist eine nat\u00fcrliche oder juristische Person, Beh\u00f6rde, Einrichtung oder andere Stelle, die personenbezogene Daten im Auftrag des Verantwortlichen verarbeitet.<\/p><p><strong>Empf\u00e4nger<\/strong><\/p><p>Empf\u00e4nger ist eine nat\u00fcrliche oder juristische Person, Beh\u00f6rde, Einrichtung oder andere Stelle, der\u00a0personenbezogene Daten offengelegt werden, unabh\u00e4ngig davon, ob es sich bei ihr\u00a0um einen Dritten handelt oder nicht. Beh\u00f6rden, die im Rahmen eines bestimmten\u00a0Untersuchungsauftrags nach dem Unionsrecht oder dem Recht der Mitgliedstaaten m\u00f6glicherweise\u00a0personenbezogene Daten erhalten, gelten jedoch nicht als Empf\u00e4nger.<\/p><p>Dritter ist eine nat\u00fcrliche oder juristische Person, Beh\u00f6rde, Einrichtung oder andere Stelle au\u00dfer der betroffenen Person, dem Verantwortlichen, dem Auftragsverarbeiter und den Personen, die unter der unmittelbaren Verantwortung des Verantwortlichen oder des Auftragsverarbeiters befugt sind, die personenbezogenen Daten zu verarbeiten.<\/p><p><strong>Einwilligung<\/strong><\/p><p>Einwilligung ist jede von der betroffenen Person freiwillig f\u00fcr den bestimmten Fall in informierter Weise unmissverst\u00e4ndlich abgegebene Willensbekundung in Form einer Erkl\u00e4rung oder einer sonstigen eindeutigen best\u00e4tigenden\u00a0Handlung, mit der die betroffene Person zu verstehen gibt, dass sie mit der\u00a0Verarbeitung der sie betreffenden personenbezogenen Daten einverstanden ist.\u00a0<\/p><h4><strong>VI. \u00c4nderung dieser Datenschutzerkl\u00e4rung<\/strong><\/h4><p>Diese Datenschutzerkl\u00e4rung ist auf dem\u00a0Stand November 2023. Durch die Weiterentwicklung unserer Website und Angebote\u00a0dar\u00fcber oder aufgrund ge\u00e4nderter gesetzlicher beziehungsweise beh\u00f6rdlicher\u00a0Vorgaben kann es notwendig werden, diese Datenschutzerkl\u00e4rung zu \u00e4ndern. Die\u00a0jeweils aktuelle Datenschutzerkl\u00e4rung kann jederzeit auf unserer Website von\u00a0Ihnen abgerufen und ausgedruckt werden.<\/p>\t\t\t\t\t\t\t\t<\/div>\n\t\t\t\t<\/div>\n\t\t\t\t<\/div>\n\t\t\t\t<\/div>\n\t\t","protected":false},"excerpt":{"rendered":"<p>Datenschutz Vielen Dank f\u00fcr Ihr Interesse an der Webseites unseres Unternehmens. Da mit Ihrem Besuch personenbezogene Daten anfallen, informieren wir Sie im Folgenden gem\u00e4\u00df den Anforderungen nach dereurop\u00e4ischen Datenschutzrichtline, EU-DSGVO. Eine Erl\u00e4uterung verwendeter Begriffe finden Sie unter VI. Begriffsbestimmungen. I. Name\u00a0und Kontaktdaten des Verantwortlichen und des Datenschutzbeauftragten\u00a0 Verantwortlicher\u00a0f\u00fcr die Verarbeitung personenbezogener Daten gem\u00e4\u00df Art. 4&#8230;<\/p>\n","protected":false},"author":1,"featured_media":0,"parent":0,"menu_order":0,"comment_status":"closed","ping_status":"closed","template":"","meta":{"footnotes":""},"class_list":["post-5008","page","type-page","status-publish","hentry"],"_links":{"self":[{"href":"https:\/\/villa-tripaldi.de\/index.php\/wp-json\/wp\/v2\/pages\/5008","targetHints":{"allow":["GET"]}}],"collection":[{"href":"https:\/\/villa-tripaldi.de\/index.php\/wp-json\/wp\/v2\/pages"}],"about":[{"href":"https:\/\/villa-tripaldi.de\/index.php\/wp-json\/wp\/v2\/types\/page"}],"author":[{"embeddable":true,"href":"https:\/\/villa-tripaldi.de\/index.php\/wp-json\/wp\/v2\/users\/1"}],"replies":[{"embeddable":true,"href":"https:\/\/villa-tripaldi.de\/index.php\/wp-json\/wp\/v2\/comments?post=5008"}],"version-history":[{"count":4,"href":"https:\/\/villa-tripaldi.de\/index.php\/wp-json\/wp\/v2\/pages\/5008\/revisions"}],"predecessor-version":[{"id":5019,"href":"https:\/\/villa-tripaldi.de\/index.php\/wp-json\/wp\/v2\/pages\/5008\/revisions\/5019"}],"wp:attachment":[{"href":"https:\/\/villa-tripaldi.de\/index.php\/wp-json\/wp\/v2\/media?parent=5008"}],"curies":[{"name":"wp","href":"https:\/\/api.w.org\/{rel}","templated":true}]}}