{"id":5020,"date":"2025-05-23T10:10:51","date_gmt":"2025-05-23T08:10:51","guid":{"rendered":"https:\/\/preview.villa-tripaldi.de\/?page_id=5020"},"modified":"2025-05-23T10:12:05","modified_gmt":"2025-05-23T08:12:05","slug":"impressum","status":"publish","type":"page","link":"https:\/\/villa-tripaldi.de\/index.php\/impressum\/","title":{"rendered":"Impressum"},"content":{"rendered":"\t\t<div data-elementor-type=\"wp-page\" data-elementor-id=\"5020\" class=\"elementor elementor-5020\" data-elementor-post-type=\"page\">\n\t\t\t\t<div class=\"elementor-element elementor-element-bffb678 e-flex e-con-boxed e-con e-parent\" data-id=\"bffb678\" data-element_type=\"container\">\n\t\t\t\t\t<div class=\"e-con-inner\">\n\t\t\t\t<div class=\"elementor-element elementor-element-5ffc1a2 elementor-widget elementor-widget-heading\" data-id=\"5ffc1a2\" data-element_type=\"widget\" data-widget_type=\"heading.default\">\n\t\t\t\t<div class=\"elementor-widget-container\">\n\t\t\t\t\t<h2 class=\"elementor-heading-title elementor-size-default\">Impressum<\/h2>\t\t\t\t<\/div>\n\t\t\t\t<\/div>\n\t\t\t\t<div class=\"elementor-element elementor-element-f0abcd2 elementor-widget elementor-widget-text-editor\" data-id=\"f0abcd2\" data-element_type=\"widget\" data-widget_type=\"text-editor.default\">\n\t\t\t\t<div class=\"elementor-widget-container\">\n\t\t\t\t\t\t\t\t\t<p><strong>Villa Tripaldi (ehemals Hotel am Rathaus)<br \/><\/strong><\/p><p>Casa Tripaldi GmbH<br \/>F\u00f6rdewanderweg 2<br \/>24235 Laboe<br \/>Gesch\u00e4ftsf\u00fchrer: Donato Tripaldi<br \/>Handelsregisternummer: HRB 18468 KI<br \/>Handelsregister: Amtsgericht Kiel<\/p><p><strong>Verantwortlich f\u00fcr die Inhalte i.S.d. \u00a7 18 Abs. 2 MStV:<\/strong><\/p><p>Casa Tripaldi GmbH<br \/>dessen E-Mail-Adresse:\u00a0<a href=\"https:\/\/villa-tripaldi.de\/info@casa-tripaldi.de\">info@casa-tripaldi.de<\/a><\/p>\t\t\t\t\t\t\t\t<\/div>\n\t\t\t\t<\/div>\n\t\t\t\t\t<\/div>\n\t\t\t\t<\/div>\n\t\t\t\t<\/div>\n\t\t","protected":false},"excerpt":{"rendered":"<p>Impressum Villa Tripaldi (ehemals Hotel am Rathaus) Casa Tripaldi GmbHF\u00f6rdewanderweg 224235 LaboeGesch\u00e4ftsf\u00fchrer: Donato TripaldiHandelsregisternummer: HRB 18468 KIHandelsregister: Amtsgericht Kiel Verantwortlich f\u00fcr die Inhalte i.S.d. \u00a7 18 Abs. 2 MStV: Casa Tripaldi GmbHdessen E-Mail-Adresse:\u00a0info@casa-tripaldi.de<\/p>\n","protected":false},"author":1,"featured_media":0,"parent":0,"menu_order":0,"comment_status":"closed","ping_status":"closed","template":"","meta":{"footnotes":""},"class_list":["post-5020","page","type-page","status-publish","hentry"],"_links":{"self":[{"href":"https:\/\/villa-tripaldi.de\/index.php\/wp-json\/wp\/v2\/pages\/5020","targetHints":{"allow":["GET"]}}],"collection":[{"href":"https:\/\/villa-tripaldi.de\/index.php\/wp-json\/wp\/v2\/pages"}],"about":[{"href":"https:\/\/villa-tripaldi.de\/index.php\/wp-json\/wp\/v2\/types\/page"}],"author":[{"embeddable":true,"href":"https:\/\/villa-tripaldi.de\/index.php\/wp-json\/wp\/v2\/users\/1"}],"replies":[{"embeddable":true,"href":"https:\/\/villa-tripaldi.de\/index.php\/wp-json\/wp\/v2\/comments?post=5020"}],"version-history":[{"count":4,"href":"https:\/\/villa-tripaldi.de\/index.php\/wp-json\/wp\/v2\/pages\/5020\/revisions"}],"predecessor-version":[{"id":5024,"href":"https:\/\/villa-tripaldi.de\/index.php\/wp-json\/wp\/v2\/pages\/5020\/revisions\/5024"}],"wp:attachment":[{"href":"https:\/\/villa-tripaldi.de\/index.php\/wp-json\/wp\/v2\/media?parent=5020"}],"curies":[{"name":"wp","href":"https:\/\/api.w.org\/{rel}","templated":true}]}}