{"id":5554,"date":"2025-07-30T19:01:23","date_gmt":"2025-07-30T17:01:23","guid":{"rendered":"https:\/\/preview.villa-tripaldi.de\/?page_id=5554"},"modified":"2025-10-13T17:12:14","modified_gmt":"2025-10-13T15:12:14","slug":"standard-doppelzimmer","status":"publish","type":"page","link":"https:\/\/villa-tripaldi.de\/index.php\/standard-doppelzimmer\/","title":{"rendered":"Standard Doppelzimmer"},"content":{"rendered":"\t\t<div data-elementor-type=\"wp-page\" data-elementor-id=\"5554\" class=\"elementor elementor-5554\" data-elementor-post-type=\"page\">\n\t\t\t\t<div class=\"elementor-element elementor-element-5734f819 e-flex e-con-boxed e-con e-parent\" data-id=\"5734f819\" data-element_type=\"container\" data-settings=\"{&quot;background_background&quot;:&quot;classic&quot;}\">\n\t\t\t\t\t<div class=\"e-con-inner\">\n\t\t\t\t<div class=\"elementor-element elementor-element-3cd7f213 elementor-widget elementor-widget-heading\" data-id=\"3cd7f213\" data-element_type=\"widget\" data-widget_type=\"heading.default\">\n\t\t\t\t<div class=\"elementor-widget-container\">\n\t\t\t\t\t<h2 class=\"elementor-heading-title elementor-size-default\">Standard Doppelzimmer<\/h2>\t\t\t\t<\/div>\n\t\t\t\t<\/div>\n\t\t\t\t\t<\/div>\n\t\t\t\t<\/div>\n\t\t<div class=\"elementor-element elementor-element-5320a1a e-flex e-con-boxed e-con e-parent\" data-id=\"5320a1a\" data-element_type=\"container\">\n\t\t\t\t\t<div class=\"e-con-inner\">\n\t\t<div class=\"elementor-element elementor-element-7f48d54 e-con-full e-flex e-con e-child\" data-id=\"7f48d54\" data-element_type=\"container\">\n\t\t\t\t<div class=\"elementor-element elementor-element-cced8ad elementor-widget elementor-widget-heading\" data-id=\"cced8ad\" data-element_type=\"widget\" data-widget_type=\"heading.default\">\n\t\t\t\t<div class=\"elementor-widget-container\">\n\t\t\t\t\t<h2 class=\"elementor-heading-title elementor-size-default\">Klein, fein, und wunderbar entspannt \u2013 <br>Ihr R\u00fcckzugsort f\u00fcr ruhige N\u00e4chte<\/h2>\t\t\t\t<\/div>\n\t\t\t\t<\/div>\n\t\t\t\t<div class=\"elementor-element elementor-element-b91ea21 elementor-widget elementor-widget-text-editor\" data-id=\"b91ea21\" data-element_type=\"widget\" data-widget_type=\"text-editor.default\">\n\t\t\t\t<div class=\"elementor-widget-container\">\n\t\t\t\t\t\t\t\t\t<p>Unser liebevoll eingerichtetes Standard Zimmer l\u00e4dt mit maritimem Flair und l\u00e4ndlichem Charme zum Verweilen ein. Auf 16 m\u00b2 erwartet Sie ein behagliches Doppelbett, ideal f\u00fcr Alleinreisende oder Paare, die Wert auf Gem\u00fctlichkeit legen. Das private Bad ist mit einer Dusche, einem Haartrockner und kostenfreien Pflegeprodukten ausgestattet \u2013 f\u00fcr einen frischen Start in den Tag.<\/p>\n<p>Eine Kaffeemaschine, ein Kleiderschrank, kostenfreies W-Lan sowie ein Flachbild-Sat-TV sorgen f\u00fcr Komfort. <br>Einige Zimmer verf\u00fcgen zus\u00e4tzlich \u00fcber einen kleinen Schreibtisch.<\/p>\t\t\t\t\t\t\t\t<\/div>\n\t\t\t\t<\/div>\n\t\t\t\t<\/div>\n\t\t\t\t\t<\/div>\n\t\t\t\t<\/div>\n\t\t<div class=\"elementor-element elementor-element-0018225 e-flex e-con-boxed e-con e-parent\" data-id=\"0018225\" data-element_type=\"container\">\n\t\t\t\t\t<div class=\"e-con-inner\">\n\t\t<div class=\"elementor-element elementor-element-97ed031 e-con-full e-flex e-con e-child\" data-id=\"97ed031\" data-element_type=\"container\">\n\t\t\t\t<div class=\"elementor-element elementor-element-aad3b87 gallery-spacing-custom elementor-widget elementor-widget-image-gallery\" data-id=\"aad3b87\" data-element_type=\"widget\" data-widget_type=\"image-gallery.default\">\n\t\t\t\t<div class=\"elementor-widget-container\">\n\t\t\t\t\t\t\t<div class=\"elementor-image-gallery\">\n\t\t\t<div id='gallery-1' class='gallery galleryid-5554 gallery-columns-3 gallery-size-full'><figure class='gallery-item'>\n\t\t\t<div class='gallery-icon portrait'>\n\t\t\t\t<a data-elementor-open-lightbox=\"yes\" data-elementor-lightbox-slideshow=\"aad3b87\" data-e-action-hash=\"#elementor-action%3Aaction%3Dlightbox%26settings%3DeyJpZCI6NTU2MCwidXJsIjoiaHR0cHM6XC9cL3ZpbGxhLXRyaXBhbGRpLmRlXC93cC1jb250ZW50XC91cGxvYWRzXC8yMDI1XC8wN1wvMS0yLXNjYWxlZC5qcGciLCJzbGlkZXNob3ciOiJhYWQzYjg3In0%3D\" href='https:\/\/villa-tripaldi.de\/wp-content\/uploads\/2025\/07\/1-2-scaled.jpg'><img fetchpriority=\"high\" decoding=\"async\" width=\"2048\" height=\"2560\" src=\"https:\/\/villa-tripaldi.de\/wp-content\/uploads\/2025\/07\/1-2-scaled.jpg\" class=\"attachment-full size-full\" alt=\"\" srcset=\"https:\/\/villa-tripaldi.de\/wp-content\/uploads\/2025\/07\/1-2-scaled.jpg 2048w, https:\/\/villa-tripaldi.de\/wp-content\/uploads\/2025\/07\/1-2-240x300.jpg 240w, https:\/\/villa-tripaldi.de\/wp-content\/uploads\/2025\/07\/1-2-819x1024.jpg 819w, https:\/\/villa-tripaldi.de\/wp-content\/uploads\/2025\/07\/1-2-768x960.jpg 768w, https:\/\/villa-tripaldi.de\/wp-content\/uploads\/2025\/07\/1-2-1229x1536.jpg 1229w, https:\/\/villa-tripaldi.de\/wp-content\/uploads\/2025\/07\/1-2-1639x2048.jpg 1639w, https:\/\/villa-tripaldi.de\/wp-content\/uploads\/2025\/07\/1-2-600x750.jpg 600w\" sizes=\"(max-width: 2048px) 100vw, 2048px\" \/><\/a>\n\t\t\t<\/div><\/figure><figure class='gallery-item'>\n\t\t\t<div class='gallery-icon portrait'>\n\t\t\t\t<a data-elementor-open-lightbox=\"yes\" data-elementor-lightbox-slideshow=\"aad3b87\" data-e-action-hash=\"#elementor-action%3Aaction%3Dlightbox%26settings%3DeyJpZCI6NTU2MSwidXJsIjoiaHR0cHM6XC9cL3ZpbGxhLXRyaXBhbGRpLmRlXC93cC1jb250ZW50XC91cGxvYWRzXC8yMDI1XC8wN1wvMS0zLXNjYWxlZC5qcGciLCJzbGlkZXNob3ciOiJhYWQzYjg3In0%3D\" href='https:\/\/villa-tripaldi.de\/wp-content\/uploads\/2025\/07\/1-3-scaled.jpg'><img decoding=\"async\" width=\"2048\" height=\"2560\" src=\"https:\/\/villa-tripaldi.de\/wp-content\/uploads\/2025\/07\/1-3-scaled.jpg\" class=\"attachment-full size-full\" alt=\"\" srcset=\"https:\/\/villa-tripaldi.de\/wp-content\/uploads\/2025\/07\/1-3-scaled.jpg 2048w, https:\/\/villa-tripaldi.de\/wp-content\/uploads\/2025\/07\/1-3-240x300.jpg 240w, https:\/\/villa-tripaldi.de\/wp-content\/uploads\/2025\/07\/1-3-819x1024.jpg 819w, https:\/\/villa-tripaldi.de\/wp-content\/uploads\/2025\/07\/1-3-768x960.jpg 768w, https:\/\/villa-tripaldi.de\/wp-content\/uploads\/2025\/07\/1-3-1229x1536.jpg 1229w, https:\/\/villa-tripaldi.de\/wp-content\/uploads\/2025\/07\/1-3-1638x2048.jpg 1638w, https:\/\/villa-tripaldi.de\/wp-content\/uploads\/2025\/07\/1-3-600x750.jpg 600w\" sizes=\"(max-width: 2048px) 100vw, 2048px\" \/><\/a>\n\t\t\t<\/div><\/figure><figure class='gallery-item'>\n\t\t\t<div class='gallery-icon portrait'>\n\t\t\t\t<a data-elementor-open-lightbox=\"yes\" data-elementor-lightbox-slideshow=\"aad3b87\" data-e-action-hash=\"#elementor-action%3Aaction%3Dlightbox%26settings%3DeyJpZCI6NTU2MiwidXJsIjoiaHR0cHM6XC9cL3ZpbGxhLXRyaXBhbGRpLmRlXC93cC1jb250ZW50XC91cGxvYWRzXC8yMDI1XC8wN1wvMS00LXNjYWxlZC5qcGciLCJzbGlkZXNob3ciOiJhYWQzYjg3In0%3D\" href='https:\/\/villa-tripaldi.de\/wp-content\/uploads\/2025\/07\/1-4-scaled.jpg'><img decoding=\"async\" width=\"2048\" height=\"2560\" src=\"https:\/\/villa-tripaldi.de\/wp-content\/uploads\/2025\/07\/1-4-scaled.jpg\" class=\"attachment-full size-full\" alt=\"\" srcset=\"https:\/\/villa-tripaldi.de\/wp-content\/uploads\/2025\/07\/1-4-scaled.jpg 2048w, https:\/\/villa-tripaldi.de\/wp-content\/uploads\/2025\/07\/1-4-240x300.jpg 240w, https:\/\/villa-tripaldi.de\/wp-content\/uploads\/2025\/07\/1-4-819x1024.jpg 819w, https:\/\/villa-tripaldi.de\/wp-content\/uploads\/2025\/07\/1-4-768x960.jpg 768w, https:\/\/villa-tripaldi.de\/wp-content\/uploads\/2025\/07\/1-4-1229x1536.jpg 1229w, https:\/\/villa-tripaldi.de\/wp-content\/uploads\/2025\/07\/1-4-1639x2048.jpg 1639w, https:\/\/villa-tripaldi.de\/wp-content\/uploads\/2025\/07\/1-4-600x750.jpg 600w\" sizes=\"(max-width: 2048px) 100vw, 2048px\" \/><\/a>\n\t\t\t<\/div><\/figure><figure class='gallery-item'>\n\t\t\t<div class='gallery-icon portrait'>\n\t\t\t\t<a data-elementor-open-lightbox=\"yes\" data-elementor-lightbox-slideshow=\"aad3b87\" data-e-action-hash=\"#elementor-action%3Aaction%3Dlightbox%26settings%3DeyJpZCI6NTU2MywidXJsIjoiaHR0cHM6XC9cL3ZpbGxhLXRyaXBhbGRpLmRlXC93cC1jb250ZW50XC91cGxvYWRzXC8yMDI1XC8wN1wvMS01LXNjYWxlZC5qcGciLCJzbGlkZXNob3ciOiJhYWQzYjg3In0%3D\" href='https:\/\/villa-tripaldi.de\/wp-content\/uploads\/2025\/07\/1-5-scaled.jpg'><img loading=\"lazy\" decoding=\"async\" width=\"2048\" height=\"2560\" src=\"https:\/\/villa-tripaldi.de\/wp-content\/uploads\/2025\/07\/1-5-scaled.jpg\" class=\"attachment-full size-full\" alt=\"\" srcset=\"https:\/\/villa-tripaldi.de\/wp-content\/uploads\/2025\/07\/1-5-scaled.jpg 2048w, https:\/\/villa-tripaldi.de\/wp-content\/uploads\/2025\/07\/1-5-240x300.jpg 240w, https:\/\/villa-tripaldi.de\/wp-content\/uploads\/2025\/07\/1-5-819x1024.jpg 819w, https:\/\/villa-tripaldi.de\/wp-content\/uploads\/2025\/07\/1-5-768x960.jpg 768w, https:\/\/villa-tripaldi.de\/wp-content\/uploads\/2025\/07\/1-5-1229x1536.jpg 1229w, https:\/\/villa-tripaldi.de\/wp-content\/uploads\/2025\/07\/1-5-1638x2048.jpg 1638w, https:\/\/villa-tripaldi.de\/wp-content\/uploads\/2025\/07\/1-5-600x750.jpg 600w\" sizes=\"(max-width: 2048px) 100vw, 2048px\" \/><\/a>\n\t\t\t<\/div><\/figure><figure class='gallery-item'>\n\t\t\t<div class='gallery-icon portrait'>\n\t\t\t\t<a data-elementor-open-lightbox=\"yes\" data-elementor-lightbox-slideshow=\"aad3b87\" data-e-action-hash=\"#elementor-action%3Aaction%3Dlightbox%26settings%3DeyJpZCI6NTU2NCwidXJsIjoiaHR0cHM6XC9cL3ZpbGxhLXRyaXBhbGRpLmRlXC93cC1jb250ZW50XC91cGxvYWRzXC8yMDI1XC8wN1wvMS1zY2FsZWQuanBnIiwic2xpZGVzaG93IjoiYWFkM2I4NyJ9\" href='https:\/\/villa-tripaldi.de\/wp-content\/uploads\/2025\/07\/1-scaled.jpg'><img loading=\"lazy\" decoding=\"async\" width=\"2048\" height=\"2560\" src=\"https:\/\/villa-tripaldi.de\/wp-content\/uploads\/2025\/07\/1-scaled.jpg\" class=\"attachment-full size-full\" alt=\"\" srcset=\"https:\/\/villa-tripaldi.de\/wp-content\/uploads\/2025\/07\/1-scaled.jpg 2048w, https:\/\/villa-tripaldi.de\/wp-content\/uploads\/2025\/07\/1-240x300.jpg 240w, https:\/\/villa-tripaldi.de\/wp-content\/uploads\/2025\/07\/1-819x1024.jpg 819w, https:\/\/villa-tripaldi.de\/wp-content\/uploads\/2025\/07\/1-768x960.jpg 768w, https:\/\/villa-tripaldi.de\/wp-content\/uploads\/2025\/07\/1-1229x1536.jpg 1229w, https:\/\/villa-tripaldi.de\/wp-content\/uploads\/2025\/07\/1-1638x2048.jpg 1638w, https:\/\/villa-tripaldi.de\/wp-content\/uploads\/2025\/07\/1-600x750.jpg 600w\" sizes=\"(max-width: 2048px) 100vw, 2048px\" \/><\/a>\n\t\t\t<\/div><\/figure>\n\t\t<\/div>\n\t\t<\/div>\n\t\t\t\t\t\t<\/div>\n\t\t\t\t<\/div>\n\t\t\t\t<\/div>\n\t\t\t\t\t<\/div>\n\t\t\t\t<\/div>\n\t\t<div class=\"elementor-element elementor-element-bbdc3f6 e-flex e-con-boxed e-con e-parent\" data-id=\"bbdc3f6\" data-element_type=\"container\">\n\t\t\t\t\t<div class=\"e-con-inner\">\n\t\t\t\t<div class=\"elementor-element elementor-element-5a49e12 elementor-align-center elementor-widget elementor-widget-button\" data-id=\"5a49e12\" data-element_type=\"widget\" data-widget_type=\"button.default\">\n\t\t\t\t<div class=\"elementor-widget-container\">\n\t\t\t\t\t\t\t\t\t<div class=\"elementor-button-wrapper\">\n\t\t\t\t\t<a class=\"elementor-button elementor-button-link elementor-size-sm\" href=\"https:\/\/reservation.one.dirs21.de\/am-rathaus-schoenbergde\/result\">\n\t\t\t\t\t\t<span class=\"elementor-button-content-wrapper\">\n\t\t\t\t\t\t\t\t\t<span class=\"elementor-button-text\">Zur Buchung<\/span>\n\t\t\t\t\t<\/span>\n\t\t\t\t\t<\/a>\n\t\t\t\t<\/div>\n\t\t\t\t\t\t\t\t<\/div>\n\t\t\t\t<\/div>\n\t\t\t\t\t<\/div>\n\t\t\t\t<\/div>\n\t\t\t\t<\/div>\n\t\t","protected":false},"excerpt":{"rendered":"<p>Standard Doppelzimmer Klein, fein, und wunderbar entspannt \u2013 Ihr R\u00fcckzugsort f\u00fcr ruhige N\u00e4chte Unser liebevoll eingerichtetes Standard Zimmer l\u00e4dt mit maritimem Flair und l\u00e4ndlichem Charme zum Verweilen ein. Auf 16 m\u00b2 erwartet Sie ein behagliches Doppelbett, ideal f\u00fcr Alleinreisende oder Paare, die Wert auf Gem\u00fctlichkeit legen. Das private Bad ist mit einer Dusche, einem Haartrockner&#8230;<\/p>\n","protected":false},"author":1,"featured_media":0,"parent":0,"menu_order":0,"comment_status":"closed","ping_status":"closed","template":"","meta":{"footnotes":""},"class_list":["post-5554","page","type-page","status-publish","hentry"],"_links":{"self":[{"href":"https:\/\/villa-tripaldi.de\/index.php\/wp-json\/wp\/v2\/pages\/5554","targetHints":{"allow":["GET"]}}],"collection":[{"href":"https:\/\/villa-tripaldi.de\/index.php\/wp-json\/wp\/v2\/pages"}],"about":[{"href":"https:\/\/villa-tripaldi.de\/index.php\/wp-json\/wp\/v2\/types\/page"}],"author":[{"embeddable":true,"href":"https:\/\/villa-tripaldi.de\/index.php\/wp-json\/wp\/v2\/users\/1"}],"replies":[{"embeddable":true,"href":"https:\/\/villa-tripaldi.de\/index.php\/wp-json\/wp\/v2\/comments?post=5554"}],"version-history":[{"count":64,"href":"https:\/\/villa-tripaldi.de\/index.php\/wp-json\/wp\/v2\/pages\/5554\/revisions"}],"predecessor-version":[{"id":6073,"href":"https:\/\/villa-tripaldi.de\/index.php\/wp-json\/wp\/v2\/pages\/5554\/revisions\/6073"}],"wp:attachment":[{"href":"https:\/\/villa-tripaldi.de\/index.php\/wp-json\/wp\/v2\/media?parent=5554"}],"curies":[{"name":"wp","href":"https:\/\/api.w.org\/{rel}","templated":true}]}}