{"id":5796,"date":"2025-08-05T16:51:02","date_gmt":"2025-08-05T14:51:02","guid":{"rendered":"https:\/\/preview.villa-tripaldi.de\/?page_id=5796"},"modified":"2025-10-13T17:14:44","modified_gmt":"2025-10-13T15:14:44","slug":"doppelzimmer-superior","status":"publish","type":"page","link":"https:\/\/villa-tripaldi.de\/index.php\/doppelzimmer-superior\/","title":{"rendered":"Doppelzimmer Superior"},"content":{"rendered":"\t\t<div data-elementor-type=\"wp-page\" data-elementor-id=\"5796\" class=\"elementor elementor-5796\" data-elementor-post-type=\"page\">\n\t\t\t\t<div class=\"elementor-element elementor-element-5734f819 e-flex e-con-boxed e-con e-parent\" data-id=\"5734f819\" data-element_type=\"container\" data-settings=\"{&quot;background_background&quot;:&quot;classic&quot;}\">\n\t\t\t\t\t<div class=\"e-con-inner\">\n\t\t\t\t<div class=\"elementor-element elementor-element-3cd7f213 elementor-widget elementor-widget-heading\" data-id=\"3cd7f213\" data-element_type=\"widget\" data-widget_type=\"heading.default\">\n\t\t\t\t<div class=\"elementor-widget-container\">\n\t\t\t\t\t<h2 class=\"elementor-heading-title elementor-size-default\">Doppelzimmer Superior<\/h2>\t\t\t\t<\/div>\n\t\t\t\t<\/div>\n\t\t\t\t\t<\/div>\n\t\t\t\t<\/div>\n\t\t<div class=\"elementor-element elementor-element-5320a1a e-flex e-con-boxed e-con e-parent\" data-id=\"5320a1a\" data-element_type=\"container\">\n\t\t\t\t\t<div class=\"e-con-inner\">\n\t\t<div class=\"elementor-element elementor-element-7f48d54 e-con-full e-flex e-con e-child\" data-id=\"7f48d54\" data-element_type=\"container\">\n\t\t\t\t<div class=\"elementor-element elementor-element-82d7136 elementor-widget elementor-widget-heading\" data-id=\"82d7136\" data-element_type=\"widget\" data-widget_type=\"heading.default\">\n\t\t\t\t<div class=\"elementor-widget-container\">\n\t\t\t\t\t<h2 class=\"elementor-heading-title elementor-size-default\">Weite, Ruhe und Komfort \u2013 Ihr gro\u00dfz\u00fcgiges Refugium mit l\u00e4ndlicher Seele<\/h2>\t\t\t\t<\/div>\n\t\t\t\t<\/div>\n\t\t\t\t<div class=\"elementor-element elementor-element-b91ea21 elementor-widget elementor-widget-text-editor\" data-id=\"b91ea21\" data-element_type=\"widget\" data-widget_type=\"text-editor.default\">\n\t\t\t\t<div class=\"elementor-widget-container\">\n\t\t\t\t\t\t\t\t\t<p>F\u00fcr alle, die mehr Platz zum Durchatmen suchen, bieten unsere Superior Zimmer mit 30 m\u00b2 viel Raum f\u00fcr Entspannung. Die schallisolierten W\u00e4nde sorgen f\u00fcr wohltuende Ruhe, w\u00e4hrend Teppichb\u00f6den und warme Farbt\u00f6ne ein Gef\u00fchl von Geborgenheit vermitteln.<\/p><p>Freuen Sie sich auf ein gem\u00fctliches Doppelbett, einen komfortablen Sitzbereich mit Flachbild-Sat-TV sowie einen einladenden Essbereich. Die moderne, bodentiefe Dusche, Pflegeprodukte und ein Haartrockner runden das hochwertige Badezimmer ab. Kaffeemaschine und kostenfreies W-Lan geh\u00f6ren selbstverst\u00e4ndlich zur Ausstattung. Ideal f\u00fcr Paare, die sich nach l\u00e4ndlicher Erholung sehnen.<\/p>\t\t\t\t\t\t\t\t<\/div>\n\t\t\t\t<\/div>\n\t\t\t\t<\/div>\n\t\t\t\t\t<\/div>\n\t\t\t\t<\/div>\n\t\t<div class=\"elementor-element elementor-element-f498219 e-flex e-con-boxed e-con e-parent\" data-id=\"f498219\" data-element_type=\"container\">\n\t\t\t\t\t<div class=\"e-con-inner\">\n\t\t<div class=\"elementor-element elementor-element-f6e156f e-con-full e-flex e-con e-child\" data-id=\"f6e156f\" data-element_type=\"container\">\n\t\t\t\t<div class=\"elementor-element elementor-element-02a2f20 gallery-spacing-custom elementor-widget elementor-widget-image-gallery\" data-id=\"02a2f20\" data-element_type=\"widget\" data-widget_type=\"image-gallery.default\">\n\t\t\t\t<div class=\"elementor-widget-container\">\n\t\t\t\t\t\t\t<div class=\"elementor-image-gallery\">\n\t\t\t<div id='gallery-1' class='gallery galleryid-5796 gallery-columns-3 gallery-size-full'><figure class='gallery-item'>\n\t\t\t<div class='gallery-icon portrait'>\n\t\t\t\t<a data-elementor-open-lightbox=\"yes\" data-elementor-lightbox-slideshow=\"02a2f20\" data-elementor-lightbox-title=\"1-2\" data-e-action-hash=\"#elementor-action%3Aaction%3Dlightbox%26settings%3DeyJpZCI6NTc5OCwidXJsIjoiaHR0cHM6XC9cL3ZpbGxhLXRyaXBhbGRpLmRlXC93cC1jb250ZW50XC91cGxvYWRzXC8yMDI1XC8wOFwvMS0yLXNjYWxlZC53ZWJwIiwic2xpZGVzaG93IjoiMDJhMmYyMCJ9\" href='https:\/\/villa-tripaldi.de\/wp-content\/uploads\/2025\/08\/1-2-scaled.webp'><img fetchpriority=\"high\" decoding=\"async\" width=\"2048\" height=\"2560\" src=\"https:\/\/villa-tripaldi.de\/wp-content\/uploads\/2025\/08\/1-2-scaled.webp\" class=\"attachment-full size-full\" alt=\"\" srcset=\"https:\/\/villa-tripaldi.de\/wp-content\/uploads\/2025\/08\/1-2-scaled.webp 2048w, https:\/\/villa-tripaldi.de\/wp-content\/uploads\/2025\/08\/1-2-240x300.webp 240w, https:\/\/villa-tripaldi.de\/wp-content\/uploads\/2025\/08\/1-2-819x1024.webp 819w, https:\/\/villa-tripaldi.de\/wp-content\/uploads\/2025\/08\/1-2-768x960.webp 768w, https:\/\/villa-tripaldi.de\/wp-content\/uploads\/2025\/08\/1-2-1229x1536.webp 1229w, https:\/\/villa-tripaldi.de\/wp-content\/uploads\/2025\/08\/1-2-1638x2048.webp 1638w, https:\/\/villa-tripaldi.de\/wp-content\/uploads\/2025\/08\/1-2-600x750.webp 600w\" sizes=\"(max-width: 2048px) 100vw, 2048px\" \/><\/a>\n\t\t\t<\/div><\/figure><figure class='gallery-item'>\n\t\t\t<div class='gallery-icon portrait'>\n\t\t\t\t<a data-elementor-open-lightbox=\"yes\" data-elementor-lightbox-slideshow=\"02a2f20\" data-elementor-lightbox-title=\"1-4\" data-e-action-hash=\"#elementor-action%3Aaction%3Dlightbox%26settings%3DeyJpZCI6NTgwMCwidXJsIjoiaHR0cHM6XC9cL3ZpbGxhLXRyaXBhbGRpLmRlXC93cC1jb250ZW50XC91cGxvYWRzXC8yMDI1XC8wOFwvMS00LXNjYWxlZC53ZWJwIiwic2xpZGVzaG93IjoiMDJhMmYyMCJ9\" href='https:\/\/villa-tripaldi.de\/wp-content\/uploads\/2025\/08\/1-4-scaled.webp'><img decoding=\"async\" width=\"2048\" height=\"2560\" src=\"https:\/\/villa-tripaldi.de\/wp-content\/uploads\/2025\/08\/1-4-scaled.webp\" class=\"attachment-full size-full\" alt=\"\" srcset=\"https:\/\/villa-tripaldi.de\/wp-content\/uploads\/2025\/08\/1-4-scaled.webp 2048w, https:\/\/villa-tripaldi.de\/wp-content\/uploads\/2025\/08\/1-4-240x300.webp 240w, https:\/\/villa-tripaldi.de\/wp-content\/uploads\/2025\/08\/1-4-819x1024.webp 819w, https:\/\/villa-tripaldi.de\/wp-content\/uploads\/2025\/08\/1-4-768x960.webp 768w, https:\/\/villa-tripaldi.de\/wp-content\/uploads\/2025\/08\/1-4-1229x1536.webp 1229w, https:\/\/villa-tripaldi.de\/wp-content\/uploads\/2025\/08\/1-4-1638x2048.webp 1638w, https:\/\/villa-tripaldi.de\/wp-content\/uploads\/2025\/08\/1-4-600x750.webp 600w\" sizes=\"(max-width: 2048px) 100vw, 2048px\" \/><\/a>\n\t\t\t<\/div><\/figure><figure class='gallery-item'>\n\t\t\t<div class='gallery-icon portrait'>\n\t\t\t\t<a data-elementor-open-lightbox=\"yes\" data-elementor-lightbox-slideshow=\"02a2f20\" data-elementor-lightbox-title=\"1-3\" data-e-action-hash=\"#elementor-action%3Aaction%3Dlightbox%26settings%3DeyJpZCI6NTc5OSwidXJsIjoiaHR0cHM6XC9cL3ZpbGxhLXRyaXBhbGRpLmRlXC93cC1jb250ZW50XC91cGxvYWRzXC8yMDI1XC8wOFwvMS0zLXNjYWxlZC53ZWJwIiwic2xpZGVzaG93IjoiMDJhMmYyMCJ9\" href='https:\/\/villa-tripaldi.de\/wp-content\/uploads\/2025\/08\/1-3-scaled.webp'><img decoding=\"async\" width=\"2048\" height=\"2560\" src=\"https:\/\/villa-tripaldi.de\/wp-content\/uploads\/2025\/08\/1-3-scaled.webp\" class=\"attachment-full size-full\" alt=\"\" srcset=\"https:\/\/villa-tripaldi.de\/wp-content\/uploads\/2025\/08\/1-3-scaled.webp 2048w, https:\/\/villa-tripaldi.de\/wp-content\/uploads\/2025\/08\/1-3-240x300.webp 240w, https:\/\/villa-tripaldi.de\/wp-content\/uploads\/2025\/08\/1-3-819x1024.webp 819w, https:\/\/villa-tripaldi.de\/wp-content\/uploads\/2025\/08\/1-3-768x960.webp 768w, https:\/\/villa-tripaldi.de\/wp-content\/uploads\/2025\/08\/1-3-1229x1536.webp 1229w, https:\/\/villa-tripaldi.de\/wp-content\/uploads\/2025\/08\/1-3-1638x2048.webp 1638w, https:\/\/villa-tripaldi.de\/wp-content\/uploads\/2025\/08\/1-3-600x750.webp 600w\" sizes=\"(max-width: 2048px) 100vw, 2048px\" \/><\/a>\n\t\t\t<\/div><\/figure><figure class='gallery-item'>\n\t\t\t<div class='gallery-icon portrait'>\n\t\t\t\t<a data-elementor-open-lightbox=\"yes\" data-elementor-lightbox-slideshow=\"02a2f20\" data-elementor-lightbox-title=\"1\" data-e-action-hash=\"#elementor-action%3Aaction%3Dlightbox%26settings%3DeyJpZCI6NTgwMiwidXJsIjoiaHR0cHM6XC9cL3ZpbGxhLXRyaXBhbGRpLmRlXC93cC1jb250ZW50XC91cGxvYWRzXC8yMDI1XC8wOFwvMS1zY2FsZWQud2VicCIsInNsaWRlc2hvdyI6IjAyYTJmMjAifQ%3D%3D\" href='https:\/\/villa-tripaldi.de\/wp-content\/uploads\/2025\/08\/1-scaled.webp'><img loading=\"lazy\" decoding=\"async\" width=\"2048\" height=\"2560\" src=\"https:\/\/villa-tripaldi.de\/wp-content\/uploads\/2025\/08\/1-scaled.webp\" class=\"attachment-full size-full\" alt=\"\" srcset=\"https:\/\/villa-tripaldi.de\/wp-content\/uploads\/2025\/08\/1-scaled.webp 2048w, https:\/\/villa-tripaldi.de\/wp-content\/uploads\/2025\/08\/1-240x300.webp 240w, https:\/\/villa-tripaldi.de\/wp-content\/uploads\/2025\/08\/1-819x1024.webp 819w, https:\/\/villa-tripaldi.de\/wp-content\/uploads\/2025\/08\/1-768x960.webp 768w, https:\/\/villa-tripaldi.de\/wp-content\/uploads\/2025\/08\/1-1229x1536.webp 1229w, https:\/\/villa-tripaldi.de\/wp-content\/uploads\/2025\/08\/1-1638x2048.webp 1638w, https:\/\/villa-tripaldi.de\/wp-content\/uploads\/2025\/08\/1-600x750.webp 600w\" sizes=\"(max-width: 2048px) 100vw, 2048px\" \/><\/a>\n\t\t\t<\/div><\/figure><figure class='gallery-item'>\n\t\t\t<div class='gallery-icon portrait'>\n\t\t\t\t<a data-elementor-open-lightbox=\"yes\" data-elementor-lightbox-slideshow=\"02a2f20\" data-elementor-lightbox-title=\"1-5\" data-e-action-hash=\"#elementor-action%3Aaction%3Dlightbox%26settings%3DeyJpZCI6NTgwMSwidXJsIjoiaHR0cHM6XC9cL3ZpbGxhLXRyaXBhbGRpLmRlXC93cC1jb250ZW50XC91cGxvYWRzXC8yMDI1XC8wOFwvMS01LXNjYWxlZC53ZWJwIiwic2xpZGVzaG93IjoiMDJhMmYyMCJ9\" href='https:\/\/villa-tripaldi.de\/wp-content\/uploads\/2025\/08\/1-5-scaled.webp'><img loading=\"lazy\" decoding=\"async\" width=\"2048\" height=\"2560\" src=\"https:\/\/villa-tripaldi.de\/wp-content\/uploads\/2025\/08\/1-5-scaled.webp\" class=\"attachment-full size-full\" alt=\"\" srcset=\"https:\/\/villa-tripaldi.de\/wp-content\/uploads\/2025\/08\/1-5-scaled.webp 2048w, https:\/\/villa-tripaldi.de\/wp-content\/uploads\/2025\/08\/1-5-240x300.webp 240w, https:\/\/villa-tripaldi.de\/wp-content\/uploads\/2025\/08\/1-5-819x1024.webp 819w, https:\/\/villa-tripaldi.de\/wp-content\/uploads\/2025\/08\/1-5-768x960.webp 768w, https:\/\/villa-tripaldi.de\/wp-content\/uploads\/2025\/08\/1-5-1229x1536.webp 1229w, https:\/\/villa-tripaldi.de\/wp-content\/uploads\/2025\/08\/1-5-1638x2048.webp 1638w, https:\/\/villa-tripaldi.de\/wp-content\/uploads\/2025\/08\/1-5-600x750.webp 600w\" sizes=\"(max-width: 2048px) 100vw, 2048px\" \/><\/a>\n\t\t\t<\/div><\/figure>\n\t\t<\/div>\n\t\t<\/div>\n\t\t\t\t\t\t<\/div>\n\t\t\t\t<\/div>\n\t\t\t\t<\/div>\n\t\t\t\t\t<\/div>\n\t\t\t\t<\/div>\n\t\t<div class=\"elementor-element elementor-element-90b88fb e-flex e-con-boxed e-con e-parent\" data-id=\"90b88fb\" data-element_type=\"container\">\n\t\t\t\t\t<div class=\"e-con-inner\">\n\t\t\t\t<div class=\"elementor-element elementor-element-665c9b8 elementor-align-center elementor-widget elementor-widget-button\" data-id=\"665c9b8\" data-element_type=\"widget\" data-widget_type=\"button.default\">\n\t\t\t\t<div class=\"elementor-widget-container\">\n\t\t\t\t\t\t\t\t\t<div class=\"elementor-button-wrapper\">\n\t\t\t\t\t<a class=\"elementor-button elementor-button-link elementor-size-sm\" href=\"https:\/\/reservation.one.dirs21.de\/am-rathaus-schoenbergde\/result\">\n\t\t\t\t\t\t<span class=\"elementor-button-content-wrapper\">\n\t\t\t\t\t\t\t\t\t<span class=\"elementor-button-text\">Zur Buchung<\/span>\n\t\t\t\t\t<\/span>\n\t\t\t\t\t<\/a>\n\t\t\t\t<\/div>\n\t\t\t\t\t\t\t\t<\/div>\n\t\t\t\t<\/div>\n\t\t\t\t\t<\/div>\n\t\t\t\t<\/div>\n\t\t\t\t<\/div>\n\t\t","protected":false},"excerpt":{"rendered":"<p>Doppelzimmer Superior Weite, Ruhe und Komfort \u2013 Ihr gro\u00dfz\u00fcgiges Refugium mit l\u00e4ndlicher Seele F\u00fcr alle, die mehr Platz zum Durchatmen suchen, bieten unsere Superior Zimmer mit 30 m\u00b2 viel Raum f\u00fcr Entspannung. Die schallisolierten W\u00e4nde sorgen f\u00fcr wohltuende Ruhe, w\u00e4hrend Teppichb\u00f6den und warme Farbt\u00f6ne ein Gef\u00fchl von Geborgenheit vermitteln. Freuen Sie sich auf ein gem\u00fctliches&#8230;<\/p>\n","protected":false},"author":1,"featured_media":0,"parent":0,"menu_order":0,"comment_status":"closed","ping_status":"closed","template":"","meta":{"footnotes":""},"class_list":["post-5796","page","type-page","status-publish","hentry"],"_links":{"self":[{"href":"https:\/\/villa-tripaldi.de\/index.php\/wp-json\/wp\/v2\/pages\/5796","targetHints":{"allow":["GET"]}}],"collection":[{"href":"https:\/\/villa-tripaldi.de\/index.php\/wp-json\/wp\/v2\/pages"}],"about":[{"href":"https:\/\/villa-tripaldi.de\/index.php\/wp-json\/wp\/v2\/types\/page"}],"author":[{"embeddable":true,"href":"https:\/\/villa-tripaldi.de\/index.php\/wp-json\/wp\/v2\/users\/1"}],"replies":[{"embeddable":true,"href":"https:\/\/villa-tripaldi.de\/index.php\/wp-json\/wp\/v2\/comments?post=5796"}],"version-history":[{"count":19,"href":"https:\/\/villa-tripaldi.de\/index.php\/wp-json\/wp\/v2\/pages\/5796\/revisions"}],"predecessor-version":[{"id":6082,"href":"https:\/\/villa-tripaldi.de\/index.php\/wp-json\/wp\/v2\/pages\/5796\/revisions\/6082"}],"wp:attachment":[{"href":"https:\/\/villa-tripaldi.de\/index.php\/wp-json\/wp\/v2\/media?parent=5796"}],"curies":[{"name":"wp","href":"https:\/\/api.w.org\/{rel}","templated":true}]}}