{"id":5809,"date":"2025-08-05T16:53:12","date_gmt":"2025-08-05T14:53:12","guid":{"rendered":"https:\/\/preview.villa-tripaldi.de\/?page_id=5809"},"modified":"2025-10-13T17:16:22","modified_gmt":"2025-10-13T15:16:22","slug":"ferienwohnug","status":"publish","type":"page","link":"https:\/\/villa-tripaldi.de\/index.php\/ferienwohnug\/","title":{"rendered":"Ferienwohnung"},"content":{"rendered":"\t\t<div data-elementor-type=\"wp-page\" data-elementor-id=\"5809\" class=\"elementor elementor-5809\" data-elementor-post-type=\"page\">\n\t\t\t\t<div class=\"elementor-element elementor-element-5734f819 e-flex e-con-boxed e-con e-parent\" data-id=\"5734f819\" data-element_type=\"container\" data-settings=\"{&quot;background_background&quot;:&quot;classic&quot;}\">\n\t\t\t\t\t<div class=\"e-con-inner\">\n\t\t\t\t<div class=\"elementor-element elementor-element-3cd7f213 elementor-widget elementor-widget-heading\" data-id=\"3cd7f213\" data-element_type=\"widget\" data-widget_type=\"heading.default\">\n\t\t\t\t<div class=\"elementor-widget-container\">\n\t\t\t\t\t<h2 class=\"elementor-heading-title elementor-size-default\">Ferienwohnung<\/h2>\t\t\t\t<\/div>\n\t\t\t\t<\/div>\n\t\t\t\t\t<\/div>\n\t\t\t\t<\/div>\n\t\t<div class=\"elementor-element elementor-element-5320a1a e-flex e-con-boxed e-con e-parent\" data-id=\"5320a1a\" data-element_type=\"container\">\n\t\t\t\t\t<div class=\"e-con-inner\">\n\t\t<div class=\"elementor-element elementor-element-7f48d54 e-con-full e-flex e-con e-child\" data-id=\"7f48d54\" data-element_type=\"container\">\n\t\t\t\t<div class=\"elementor-element elementor-element-584dd26 elementor-widget elementor-widget-heading\" data-id=\"584dd26\" data-element_type=\"widget\" data-widget_type=\"heading.default\">\n\t\t\t\t<div class=\"elementor-widget-container\">\n\t\t\t\t\t<h2 class=\"elementor-heading-title elementor-size-default\">Ihr Zuhause auf Zeit \u2013<br> zwischen K\u00fcstenbrise und Landluft<\/h2>\t\t\t\t<\/div>\n\t\t\t\t<\/div>\n\t\t\t\t<div class=\"elementor-element elementor-element-b91ea21 elementor-widget elementor-widget-text-editor\" data-id=\"b91ea21\" data-element_type=\"widget\" data-widget_type=\"text-editor.default\">\n\t\t\t\t<div class=\"elementor-widget-container\">\n\t\t\t\t\t\t\t\t\t<p>Unsere 60 m\u00b2 gro\u00dfe Ferienwohnung ist wie gemacht f\u00fcr Familien oder kleine Gruppen, die ihren Aufenthalt ganz unabh\u00e4ngig gestalten m\u00f6chten. Mit eigenem Eingang, direktem Zugang zur Hotelterrasse und liebevoll eingerichteten R\u00e4umen bietet sie l\u00e4ndlichen Komfort mit maritimem Herz.<\/p><p>Die Wohnung verf\u00fcgt \u00fcber ein Wohnzimmer, zwei separate Schlafzimmer (ein Doppelbett &amp; zwei Einzelbetten) sowie ein modernes Bad mit Dusche und Haartrockner. Die voll ausgestattete K\u00fcche l\u00e4sst keine W\u00fcnsche offen: Kochfeld, Backofen, K\u00fchlschrank und Geschirrsp\u00fcler stehen bereit.<\/p><p>Schallisolierte W\u00e4nde, ein Flachbild-Sat-TV, kostenfreies W-Lan sowie Tee- und Kaffeemaschine sorgen f\u00fcr entspannte Stunden \u2013 ob nach einem Tag am Meer oder einem Ausflug ins Umland.<\/p>\t\t\t\t\t\t\t\t<\/div>\n\t\t\t\t<\/div>\n\t\t\t\t<\/div>\n\t\t\t\t\t<\/div>\n\t\t\t\t<\/div>\n\t\t<div class=\"elementor-element elementor-element-e149a36 e-flex e-con-boxed e-con e-parent\" data-id=\"e149a36\" data-element_type=\"container\">\n\t\t\t\t\t<div class=\"e-con-inner\">\n\t\t<div class=\"elementor-element elementor-element-8c545ed e-con-full e-flex e-con e-child\" data-id=\"8c545ed\" data-element_type=\"container\">\n\t\t\t\t<div class=\"elementor-element elementor-element-39ddeaa gallery-spacing-custom elementor-widget elementor-widget-image-gallery\" data-id=\"39ddeaa\" data-element_type=\"widget\" data-widget_type=\"image-gallery.default\">\n\t\t\t\t<div class=\"elementor-widget-container\">\n\t\t\t\t\t\t\t<div class=\"elementor-image-gallery\">\n\t\t\t<div id='gallery-1' class='gallery galleryid-5809 gallery-columns-3 gallery-size-full'><figure class='gallery-item'>\n\t\t\t<div class='gallery-icon portrait'>\n\t\t\t\t<a data-elementor-open-lightbox=\"yes\" data-elementor-lightbox-slideshow=\"39ddeaa\" data-e-action-hash=\"#elementor-action%3Aaction%3Dlightbox%26settings%3DeyJpZCI6NTU2MCwidXJsIjoiaHR0cHM6XC9cL3ZpbGxhLXRyaXBhbGRpLmRlXC93cC1jb250ZW50XC91cGxvYWRzXC8yMDI1XC8wN1wvMS0yLXNjYWxlZC5qcGciLCJzbGlkZXNob3ciOiIzOWRkZWFhIn0%3D\" href='https:\/\/villa-tripaldi.de\/wp-content\/uploads\/2025\/07\/1-2-scaled.jpg'><img fetchpriority=\"high\" decoding=\"async\" width=\"2048\" height=\"2560\" src=\"https:\/\/villa-tripaldi.de\/wp-content\/uploads\/2025\/07\/1-2-scaled.jpg\" class=\"attachment-full size-full\" alt=\"\" srcset=\"https:\/\/villa-tripaldi.de\/wp-content\/uploads\/2025\/07\/1-2-scaled.jpg 2048w, https:\/\/villa-tripaldi.de\/wp-content\/uploads\/2025\/07\/1-2-240x300.jpg 240w, https:\/\/villa-tripaldi.de\/wp-content\/uploads\/2025\/07\/1-2-819x1024.jpg 819w, https:\/\/villa-tripaldi.de\/wp-content\/uploads\/2025\/07\/1-2-768x960.jpg 768w, https:\/\/villa-tripaldi.de\/wp-content\/uploads\/2025\/07\/1-2-1229x1536.jpg 1229w, https:\/\/villa-tripaldi.de\/wp-content\/uploads\/2025\/07\/1-2-1639x2048.jpg 1639w, https:\/\/villa-tripaldi.de\/wp-content\/uploads\/2025\/07\/1-2-600x750.jpg 600w\" sizes=\"(max-width: 2048px) 100vw, 2048px\" \/><\/a>\n\t\t\t<\/div><\/figure><figure class='gallery-item'>\n\t\t\t<div class='gallery-icon portrait'>\n\t\t\t\t<a data-elementor-open-lightbox=\"yes\" data-elementor-lightbox-slideshow=\"39ddeaa\" data-e-action-hash=\"#elementor-action%3Aaction%3Dlightbox%26settings%3DeyJpZCI6NTU2MSwidXJsIjoiaHR0cHM6XC9cL3ZpbGxhLXRyaXBhbGRpLmRlXC93cC1jb250ZW50XC91cGxvYWRzXC8yMDI1XC8wN1wvMS0zLXNjYWxlZC5qcGciLCJzbGlkZXNob3ciOiIzOWRkZWFhIn0%3D\" href='https:\/\/villa-tripaldi.de\/wp-content\/uploads\/2025\/07\/1-3-scaled.jpg'><img decoding=\"async\" width=\"2048\" height=\"2560\" src=\"https:\/\/villa-tripaldi.de\/wp-content\/uploads\/2025\/07\/1-3-scaled.jpg\" class=\"attachment-full size-full\" alt=\"\" srcset=\"https:\/\/villa-tripaldi.de\/wp-content\/uploads\/2025\/07\/1-3-scaled.jpg 2048w, https:\/\/villa-tripaldi.de\/wp-content\/uploads\/2025\/07\/1-3-240x300.jpg 240w, https:\/\/villa-tripaldi.de\/wp-content\/uploads\/2025\/07\/1-3-819x1024.jpg 819w, https:\/\/villa-tripaldi.de\/wp-content\/uploads\/2025\/07\/1-3-768x960.jpg 768w, https:\/\/villa-tripaldi.de\/wp-content\/uploads\/2025\/07\/1-3-1229x1536.jpg 1229w, https:\/\/villa-tripaldi.de\/wp-content\/uploads\/2025\/07\/1-3-1638x2048.jpg 1638w, https:\/\/villa-tripaldi.de\/wp-content\/uploads\/2025\/07\/1-3-600x750.jpg 600w\" sizes=\"(max-width: 2048px) 100vw, 2048px\" \/><\/a>\n\t\t\t<\/div><\/figure><figure class='gallery-item'>\n\t\t\t<div class='gallery-icon portrait'>\n\t\t\t\t<a data-elementor-open-lightbox=\"yes\" data-elementor-lightbox-slideshow=\"39ddeaa\" data-e-action-hash=\"#elementor-action%3Aaction%3Dlightbox%26settings%3DeyJpZCI6NTU2MiwidXJsIjoiaHR0cHM6XC9cL3ZpbGxhLXRyaXBhbGRpLmRlXC93cC1jb250ZW50XC91cGxvYWRzXC8yMDI1XC8wN1wvMS00LXNjYWxlZC5qcGciLCJzbGlkZXNob3ciOiIzOWRkZWFhIn0%3D\" href='https:\/\/villa-tripaldi.de\/wp-content\/uploads\/2025\/07\/1-4-scaled.jpg'><img decoding=\"async\" width=\"2048\" height=\"2560\" src=\"https:\/\/villa-tripaldi.de\/wp-content\/uploads\/2025\/07\/1-4-scaled.jpg\" class=\"attachment-full size-full\" alt=\"\" srcset=\"https:\/\/villa-tripaldi.de\/wp-content\/uploads\/2025\/07\/1-4-scaled.jpg 2048w, https:\/\/villa-tripaldi.de\/wp-content\/uploads\/2025\/07\/1-4-240x300.jpg 240w, https:\/\/villa-tripaldi.de\/wp-content\/uploads\/2025\/07\/1-4-819x1024.jpg 819w, https:\/\/villa-tripaldi.de\/wp-content\/uploads\/2025\/07\/1-4-768x960.jpg 768w, https:\/\/villa-tripaldi.de\/wp-content\/uploads\/2025\/07\/1-4-1229x1536.jpg 1229w, https:\/\/villa-tripaldi.de\/wp-content\/uploads\/2025\/07\/1-4-1639x2048.jpg 1639w, https:\/\/villa-tripaldi.de\/wp-content\/uploads\/2025\/07\/1-4-600x750.jpg 600w\" sizes=\"(max-width: 2048px) 100vw, 2048px\" \/><\/a>\n\t\t\t<\/div><\/figure><figure class='gallery-item'>\n\t\t\t<div class='gallery-icon portrait'>\n\t\t\t\t<a data-elementor-open-lightbox=\"yes\" data-elementor-lightbox-slideshow=\"39ddeaa\" data-e-action-hash=\"#elementor-action%3Aaction%3Dlightbox%26settings%3DeyJpZCI6NTU2MywidXJsIjoiaHR0cHM6XC9cL3ZpbGxhLXRyaXBhbGRpLmRlXC93cC1jb250ZW50XC91cGxvYWRzXC8yMDI1XC8wN1wvMS01LXNjYWxlZC5qcGciLCJzbGlkZXNob3ciOiIzOWRkZWFhIn0%3D\" href='https:\/\/villa-tripaldi.de\/wp-content\/uploads\/2025\/07\/1-5-scaled.jpg'><img loading=\"lazy\" decoding=\"async\" width=\"2048\" height=\"2560\" src=\"https:\/\/villa-tripaldi.de\/wp-content\/uploads\/2025\/07\/1-5-scaled.jpg\" class=\"attachment-full size-full\" alt=\"\" srcset=\"https:\/\/villa-tripaldi.de\/wp-content\/uploads\/2025\/07\/1-5-scaled.jpg 2048w, https:\/\/villa-tripaldi.de\/wp-content\/uploads\/2025\/07\/1-5-240x300.jpg 240w, https:\/\/villa-tripaldi.de\/wp-content\/uploads\/2025\/07\/1-5-819x1024.jpg 819w, https:\/\/villa-tripaldi.de\/wp-content\/uploads\/2025\/07\/1-5-768x960.jpg 768w, https:\/\/villa-tripaldi.de\/wp-content\/uploads\/2025\/07\/1-5-1229x1536.jpg 1229w, https:\/\/villa-tripaldi.de\/wp-content\/uploads\/2025\/07\/1-5-1638x2048.jpg 1638w, https:\/\/villa-tripaldi.de\/wp-content\/uploads\/2025\/07\/1-5-600x750.jpg 600w\" sizes=\"(max-width: 2048px) 100vw, 2048px\" \/><\/a>\n\t\t\t<\/div><\/figure><figure class='gallery-item'>\n\t\t\t<div class='gallery-icon portrait'>\n\t\t\t\t<a data-elementor-open-lightbox=\"yes\" data-elementor-lightbox-slideshow=\"39ddeaa\" data-e-action-hash=\"#elementor-action%3Aaction%3Dlightbox%26settings%3DeyJpZCI6NTU2NCwidXJsIjoiaHR0cHM6XC9cL3ZpbGxhLXRyaXBhbGRpLmRlXC93cC1jb250ZW50XC91cGxvYWRzXC8yMDI1XC8wN1wvMS1zY2FsZWQuanBnIiwic2xpZGVzaG93IjoiMzlkZGVhYSJ9\" href='https:\/\/villa-tripaldi.de\/wp-content\/uploads\/2025\/07\/1-scaled.jpg'><img loading=\"lazy\" decoding=\"async\" width=\"2048\" height=\"2560\" src=\"https:\/\/villa-tripaldi.de\/wp-content\/uploads\/2025\/07\/1-scaled.jpg\" class=\"attachment-full size-full\" alt=\"\" srcset=\"https:\/\/villa-tripaldi.de\/wp-content\/uploads\/2025\/07\/1-scaled.jpg 2048w, https:\/\/villa-tripaldi.de\/wp-content\/uploads\/2025\/07\/1-240x300.jpg 240w, https:\/\/villa-tripaldi.de\/wp-content\/uploads\/2025\/07\/1-819x1024.jpg 819w, https:\/\/villa-tripaldi.de\/wp-content\/uploads\/2025\/07\/1-768x960.jpg 768w, https:\/\/villa-tripaldi.de\/wp-content\/uploads\/2025\/07\/1-1229x1536.jpg 1229w, https:\/\/villa-tripaldi.de\/wp-content\/uploads\/2025\/07\/1-1638x2048.jpg 1638w, https:\/\/villa-tripaldi.de\/wp-content\/uploads\/2025\/07\/1-600x750.jpg 600w\" sizes=\"(max-width: 2048px) 100vw, 2048px\" \/><\/a>\n\t\t\t<\/div><\/figure>\n\t\t<\/div>\n\t\t<\/div>\n\t\t\t\t\t\t<\/div>\n\t\t\t\t<\/div>\n\t\t\t\t<\/div>\n\t\t\t\t\t<\/div>\n\t\t\t\t<\/div>\n\t\t<div class=\"elementor-element elementor-element-ed22ab9 e-flex e-con-boxed e-con e-parent\" data-id=\"ed22ab9\" data-element_type=\"container\">\n\t\t\t\t\t<div class=\"e-con-inner\">\n\t\t\t\t<div class=\"elementor-element elementor-element-ad57140 elementor-align-center elementor-widget elementor-widget-button\" data-id=\"ad57140\" data-element_type=\"widget\" data-widget_type=\"button.default\">\n\t\t\t\t<div class=\"elementor-widget-container\">\n\t\t\t\t\t\t\t\t\t<div class=\"elementor-button-wrapper\">\n\t\t\t\t\t<a class=\"elementor-button elementor-button-link elementor-size-sm\" href=\"https:\/\/reservation.one.dirs21.de\/am-rathaus-schoenbergde\/result\">\n\t\t\t\t\t\t<span class=\"elementor-button-content-wrapper\">\n\t\t\t\t\t\t\t\t\t<span class=\"elementor-button-text\">Zur Buchung<\/span>\n\t\t\t\t\t<\/span>\n\t\t\t\t\t<\/a>\n\t\t\t\t<\/div>\n\t\t\t\t\t\t\t\t<\/div>\n\t\t\t\t<\/div>\n\t\t\t\t\t<\/div>\n\t\t\t\t<\/div>\n\t\t\t\t<\/div>\n\t\t","protected":false},"excerpt":{"rendered":"<p>Ferienwohnung Ihr Zuhause auf Zeit \u2013 zwischen K\u00fcstenbrise und Landluft Unsere 60 m\u00b2 gro\u00dfe Ferienwohnung ist wie gemacht f\u00fcr Familien oder kleine Gruppen, die ihren Aufenthalt ganz unabh\u00e4ngig gestalten m\u00f6chten. Mit eigenem Eingang, direktem Zugang zur Hotelterrasse und liebevoll eingerichteten R\u00e4umen bietet sie l\u00e4ndlichen Komfort mit maritimem Herz. Die Wohnung verf\u00fcgt \u00fcber ein Wohnzimmer, zwei&#8230;<\/p>\n","protected":false},"author":1,"featured_media":0,"parent":0,"menu_order":0,"comment_status":"closed","ping_status":"closed","template":"","meta":{"footnotes":""},"class_list":["post-5809","page","type-page","status-publish","hentry"],"_links":{"self":[{"href":"https:\/\/villa-tripaldi.de\/index.php\/wp-json\/wp\/v2\/pages\/5809","targetHints":{"allow":["GET"]}}],"collection":[{"href":"https:\/\/villa-tripaldi.de\/index.php\/wp-json\/wp\/v2\/pages"}],"about":[{"href":"https:\/\/villa-tripaldi.de\/index.php\/wp-json\/wp\/v2\/types\/page"}],"author":[{"embeddable":true,"href":"https:\/\/villa-tripaldi.de\/index.php\/wp-json\/wp\/v2\/users\/1"}],"replies":[{"embeddable":true,"href":"https:\/\/villa-tripaldi.de\/index.php\/wp-json\/wp\/v2\/comments?post=5809"}],"version-history":[{"count":13,"href":"https:\/\/villa-tripaldi.de\/index.php\/wp-json\/wp\/v2\/pages\/5809\/revisions"}],"predecessor-version":[{"id":6085,"href":"https:\/\/villa-tripaldi.de\/index.php\/wp-json\/wp\/v2\/pages\/5809\/revisions\/6085"}],"wp:attachment":[{"href":"https:\/\/villa-tripaldi.de\/index.php\/wp-json\/wp\/v2\/media?parent=5809"}],"curies":[{"name":"wp","href":"https:\/\/api.w.org\/{rel}","templated":true}]}}