{"id":6161,"date":"2025-10-27T14:04:44","date_gmt":"2025-10-27T13:04:44","guid":{"rendered":"https:\/\/villa-tripaldi.de\/?page_id=6161"},"modified":"2025-10-27T14:09:27","modified_gmt":"2025-10-27T13:09:27","slug":"ihr-fest-bei-uns","status":"publish","type":"page","link":"https:\/\/villa-tripaldi.de\/index.php\/ihr-fest-bei-uns\/","title":{"rendered":"Ihr Fest bei uns"},"content":{"rendered":"\t\t<div data-elementor-type=\"wp-page\" data-elementor-id=\"6161\" class=\"elementor elementor-6161\" data-elementor-post-type=\"page\">\n\t\t\t\t<div class=\"elementor-element elementor-element-132f3128 e-flex e-con-boxed e-con e-parent\" data-id=\"132f3128\" data-element_type=\"container\" data-settings=\"{&quot;background_background&quot;:&quot;classic&quot;}\">\n\t\t\t\t\t<div class=\"e-con-inner\">\n\t\t\t\t<div class=\"elementor-element elementor-element-1f763db4 elementor-invisible elementor-widget elementor-widget-heading\" data-id=\"1f763db4\" data-element_type=\"widget\" data-settings=\"{&quot;_animation&quot;:&quot;fadeInUp&quot;}\" data-widget_type=\"heading.default\">\n\t\t\t\t<div class=\"elementor-widget-container\">\n\t\t\t\t\t<h2 class=\"elementor-heading-title elementor-size-default\">Ihr Fest bei uns!<\/h2>\t\t\t\t<\/div>\n\t\t\t\t<\/div>\n\t\t\t\t\t<\/div>\n\t\t\t\t<\/div>\n\t\t<div class=\"elementor-element elementor-element-5456de7 e-flex e-con-boxed e-con e-parent\" data-id=\"5456de7\" data-element_type=\"container\">\n\t\t\t\t\t<div class=\"e-con-inner\">\n\t\t\t\t<div class=\"elementor-element elementor-element-fec7b83 elementor-widget elementor-widget-text-editor\" data-id=\"fec7b83\" data-element_type=\"widget\" data-widget_type=\"text-editor.default\">\n\t\t\t\t<div class=\"elementor-widget-container\">\n\t\t\t\t\t\t\t\t\t<p><span style=\"text-align: var(--text-align);\">Ob Familienfeier, Jubil\u00e4um oder Firmenveranstaltung \u2013 bei uns finden Sie den idealen Rahmen f\u00fcr besondere Momente.&nbsp;<\/span><\/p><p><span style=\"text-align: var(--text-align);\">Unser Haus bietet stilvolle R\u00e4umlichkeiten, eine herzliche Atmosph\u00e4re und einen Service, der keine W\u00fcnsche offenl\u00e4sst.<\/span><br><\/p>\n<p>Gemeinsam mit Ihnen planen wir jedes Detail: vom festlichen Men\u00fc \u00fcber die Dekoration bis hin zum passenden Rahmenprogramm. Ob im kleinen Kreis oder als gro\u00dfes Event \u2013 wir sorgen daf\u00fcr, dass Ihr Fest unvergesslich wird.<\/p>\n<p>Lassen Sie sich kulinarisch verw\u00f6hnen, genie\u00dfen Sie den aufmerksamen Service unseres Teams und feiern Sie ganz entspannt in einzigartigem Ambiente.<\/p>\n<p>Wir freuen uns darauf, Ihre Feier zu einem besonderen Erlebnis zu machen.<\/p>\t\t\t\t\t\t\t\t<\/div>\n\t\t\t\t<\/div>\n\t\t\t\t<div class=\"elementor-element elementor-element-f5e5e3a elementor-widget elementor-widget-button\" data-id=\"f5e5e3a\" data-element_type=\"widget\" data-widget_type=\"button.default\">\n\t\t\t\t<div class=\"elementor-widget-container\">\n\t\t\t\t\t\t\t\t\t<div class=\"elementor-button-wrapper\">\n\t\t\t\t\t<a class=\"elementor-button elementor-button-link elementor-size-sm\" href=\"mailto:events@villa-tripaldi.de\">\n\t\t\t\t\t\t<span class=\"elementor-button-content-wrapper\">\n\t\t\t\t\t\t\t\t\t<span class=\"elementor-button-text\">Jetzt Anfrage per E-Mail senden<\/span>\n\t\t\t\t\t<\/span>\n\t\t\t\t\t<\/a>\n\t\t\t\t<\/div>\n\t\t\t\t\t\t\t\t<\/div>\n\t\t\t\t<\/div>\n\t\t\t\t\t<\/div>\n\t\t\t\t<\/div>\n\t\t\t\t<\/div>\n\t\t","protected":false},"excerpt":{"rendered":"<p>Ihr Fest bei uns! Ob Familienfeier, Jubil\u00e4um oder Firmenveranstaltung \u2013 bei uns finden Sie den idealen Rahmen f\u00fcr besondere Momente.&nbsp; Unser Haus bietet stilvolle R\u00e4umlichkeiten, eine herzliche Atmosph\u00e4re und einen Service, der keine W\u00fcnsche offenl\u00e4sst. Gemeinsam mit Ihnen planen wir jedes Detail: vom festlichen Men\u00fc \u00fcber die Dekoration bis hin zum passenden Rahmenprogramm. Ob im&#8230;<\/p>\n","protected":false},"author":1,"featured_media":0,"parent":0,"menu_order":0,"comment_status":"closed","ping_status":"closed","template":"","meta":{"footnotes":""},"class_list":["post-6161","page","type-page","status-publish","hentry"],"_links":{"self":[{"href":"https:\/\/villa-tripaldi.de\/index.php\/wp-json\/wp\/v2\/pages\/6161","targetHints":{"allow":["GET"]}}],"collection":[{"href":"https:\/\/villa-tripaldi.de\/index.php\/wp-json\/wp\/v2\/pages"}],"about":[{"href":"https:\/\/villa-tripaldi.de\/index.php\/wp-json\/wp\/v2\/types\/page"}],"author":[{"embeddable":true,"href":"https:\/\/villa-tripaldi.de\/index.php\/wp-json\/wp\/v2\/users\/1"}],"replies":[{"embeddable":true,"href":"https:\/\/villa-tripaldi.de\/index.php\/wp-json\/wp\/v2\/comments?post=6161"}],"version-history":[{"count":4,"href":"https:\/\/villa-tripaldi.de\/index.php\/wp-json\/wp\/v2\/pages\/6161\/revisions"}],"predecessor-version":[{"id":6165,"href":"https:\/\/villa-tripaldi.de\/index.php\/wp-json\/wp\/v2\/pages\/6161\/revisions\/6165"}],"wp:attachment":[{"href":"https:\/\/villa-tripaldi.de\/index.php\/wp-json\/wp\/v2\/media?parent=6161"}],"curies":[{"name":"wp","href":"https:\/\/api.w.org\/{rel}","templated":true}]}}